{"id":35253,"date":"2025-09-16T08:45:04","date_gmt":"2025-09-16T05:45:04","guid":{"rendered":"https:\/\/farwell.ee\/toode\/vaheplaat-gn-1-1-termokappidele-epp300110-ja-epp400110\/"},"modified":"2025-10-16T13:45:04","modified_gmt":"2025-10-16T10:45:04","slug":"vaheplaat-gn-1-1-termokappidele-epp300110-ja-epp400110","status":"publish","type":"product","link":"https:\/\/farwell.ee\/en\/product\/vaheplaat-gn-1-1-termokappidele-epp300110-ja-epp400110\/","title":{"rendered":"Vaheplaat GN 1\/1 termokappidele EPP300110 ja EPP400110"},"content":{"rendered":"","protected":false},"excerpt":{"rendered":"<div class=\"n4sEPd\">\n<div class=\"QFw9Te BLojaf\"><\/div>\n<div class=\"FFpbKc\">\n<div class=\"xMmqsf\"><span class=\"jCAhz\" style=\"font-size: 1rem\"><span class=\"ryNqvb\">M\u00f5eldud t\u00fchimiku minimeerimiseks eestlaetavas termokapis, et kuum v\u00f5i k\u00fclm \u00f5hk oleks kontsentreeritud ja et kuum ja k\u00fclm \u00f5hk ei seguneks omavahel.<\/span><\/span><span style=\"font-size: 1rem\"><br \/>\n<\/span><span class=\"jCAhz ChMk0b\" style=\"font-size: 1rem\"><span class=\"ryNqvb\">Valmistatud paisutatud pol\u00fcprop\u00fcleenvahust (EPP), et lisada t\u00e4iendav termiline kaitsekiht v\u00e4listemperatuuride eest.<\/span><\/span><span style=\"font-size: 1rem\"><br \/>\n<\/span><span class=\"jCAhz ChMk0b\" style=\"font-size: 1rem\"><span class=\"ryNqvb\">100% taaskasutatav materjal.<\/span><\/span><span class=\"jCAhz ChMk0b\" style=\"font-size: 1rem\"><span class=\"ryNqvb\">\u00a0<\/span><\/span><\/div>\n<\/div>\n<\/div>","protected":false},"featured_media":35252,"template":"","meta":{"_acf_changed":false,"inline_featured_image":false},"product_brand":[],"product_cat":[5554],"product_tag":[],"class_list":{"0":"post-35253","1":"product","2":"type-product","3":"status-publish","4":"has-post-thumbnail","6":"product_cat-termokastid-ja-termokapid","7":"pa_kaubamark-cambro","9":"first","10":"outofstock","11":"shipping-taxable","12":"purchasable","13":"product-type-simple"},"acf":[],"_links":{"self":[{"href":"https:\/\/farwell.ee\/en\/wp-json\/wp\/v2\/product\/35253","targetHints":{"allow":["GET"]}}],"collection":[{"href":"https:\/\/farwell.ee\/en\/wp-json\/wp\/v2\/product"}],"about":[{"href":"https:\/\/farwell.ee\/en\/wp-json\/wp\/v2\/types\/product"}],"wp:featuredmedia":[{"embeddable":true,"href":"https:\/\/farwell.ee\/en\/wp-json\/wp\/v2\/media\/35252"}],"wp:attachment":[{"href":"https:\/\/farwell.ee\/en\/wp-json\/wp\/v2\/media?parent=35253"}],"wp:term":[{"taxonomy":"product_brand","embeddable":true,"href":"https:\/\/farwell.ee\/en\/wp-json\/wp\/v2\/product_brand?post=35253"},{"taxonomy":"product_cat","embeddable":true,"href":"https:\/\/farwell.ee\/en\/wp-json\/wp\/v2\/product_cat?post=35253"},{"taxonomy":"product_tag","embeddable":true,"href":"https:\/\/farwell.ee\/en\/wp-json\/wp\/v2\/product_tag?post=35253"}],"curies":[{"name":"wp","href":"https:\/\/api.w.org\/{rel}","templated":true}]}}