{"id":35226,"date":"2025-09-12T15:00:04","date_gmt":"2025-09-12T12:00:04","guid":{"rendered":"https:\/\/farwell.ee\/toode\/soola-ja-pipraveski-komplekt-15cm-elektriline\/"},"modified":"2026-03-24T10:15:05","modified_gmt":"2026-03-24T08:15:05","slug":"soola-ja-pipraveski-komplekt-15cm-elektriline","status":"publish","type":"product","link":"https:\/\/farwell.ee\/en\/product\/soola-ja-pipraveski-komplekt-15cm-elektriline\/","title":{"rendered":"Soola- ja pipraveski komplekt 15cm elektriline"},"content":{"rendered":"","protected":false},"excerpt":{"rendered":"<p>LINE NIGHT ELECTRIC kinkekomplekt &#8211; Collector\u00b4s Edition.<\/p>\n<p>Atraktiivne LINE NIGHT ELECTRIC kinkekomplekt sisaldab elegantset musta v\u00e4rvi LINE ELECTRIC seeria elektrilist pipra- ja soolaveskit.<br \/>\nT\u00e4nu kompaktsele kujule ja ribilise pinnaga alumiiniumkorpusele istuvad veskid mugavalt k\u00e4es.<br \/>\nAnumate lehtrikujuline kuju muudab nende t\u00e4itmise lihtsaks.<br \/>\nVeskitel on uusima p\u00f5lvkonna liitiumioonakud, millel on l\u00fchike laadimisaeg ja pikk t\u00f6\u00f6aeg.<br \/>\nU&#8217;Select funktsiooniga saab t\u00e4pselt seadistada 6 erinevat jahvatusastet peenest pulbrist j\u00e4medalt jahvatatuks.<\/p>\n<p>Pipraveski on varustatud l\u00e4biproovitud ja testitud PEUGEOT terasest veskiga, soolaveski aga uuendusliku ZIRLION veskiga, mis on valmistatud tsirkooniumoksiidist \u2013 erakordse k\u00f5vadusega materjalist, mida iseloomustab mitte ainult t\u00e4iuslik korrosioonikindlus, vaid mis v\u00f5imaldab ka veelgi peenemat jahvatust kui eelmised veskid.<\/p>\n<p>USB-laadimiskaabel on komplektis.<\/p>\n<p>M\u00f5\u00f5tmed: k\u00f5rgus 15 cm, \u00d8 5 cm.<br \/>\nKvaliteetses kinkepakendis.<\/p>","protected":false},"featured_media":35228,"template":"","meta":{"_acf_changed":false,"inline_featured_image":false},"product_brand":[],"product_cat":[171],"product_tag":[],"class_list":{"0":"post-35226","1":"product","2":"type-product","3":"status-publish","4":"has-post-thumbnail","6":"product_cat-soola-ja-pipraveskid","7":"pa_kaubamark-peugeot","9":"first","10":"outofstock","11":"shipping-taxable","12":"purchasable","13":"product-type-simple"},"acf":[],"_links":{"self":[{"href":"https:\/\/farwell.ee\/en\/wp-json\/wp\/v2\/product\/35226","targetHints":{"allow":["GET"]}}],"collection":[{"href":"https:\/\/farwell.ee\/en\/wp-json\/wp\/v2\/product"}],"about":[{"href":"https:\/\/farwell.ee\/en\/wp-json\/wp\/v2\/types\/product"}],"wp:featuredmedia":[{"embeddable":true,"href":"https:\/\/farwell.ee\/en\/wp-json\/wp\/v2\/media\/35228"}],"wp:attachment":[{"href":"https:\/\/farwell.ee\/en\/wp-json\/wp\/v2\/media?parent=35226"}],"wp:term":[{"taxonomy":"product_brand","embeddable":true,"href":"https:\/\/farwell.ee\/en\/wp-json\/wp\/v2\/product_brand?post=35226"},{"taxonomy":"product_cat","embeddable":true,"href":"https:\/\/farwell.ee\/en\/wp-json\/wp\/v2\/product_cat?post=35226"},{"taxonomy":"product_tag","embeddable":true,"href":"https:\/\/farwell.ee\/en\/wp-json\/wp\/v2\/product_tag?post=35226"}],"curies":[{"name":"wp","href":"https:\/\/api.w.org\/{rel}","templated":true}]}}