{"id":35204,"date":"2025-09-11T10:45:06","date_gmt":"2025-09-11T07:45:06","guid":{"rendered":"https:\/\/farwell.ee\/toode\/toidukaru-16-le-kandikule-neutraalne-2-sektsiooniga-gn-1-1-kandikutele\/"},"modified":"2026-03-24T08:45:05","modified_gmt":"2026-03-24T06:45:05","slug":"toidukaru-16-le-kandikule-neutraalne-2-sektsiooniga-gn-1-1-kandikutele","status":"publish","type":"product","link":"https:\/\/farwell.ee\/en\/product\/toidukaru-16-le-kandikule-neutraalne-2-sektsiooniga-gn-1-1-kandikutele\/","title":{"rendered":"Toiduk\u00e4ru 16-le GN 1\/1 kandikule, neutraalne, 2-sektsiooniga"},"content":{"rendered":"","protected":false},"excerpt":{"rendered":"<p>Ideaalne k\u00f6\u00f6kidesse ja s\u00f6\u00f6gisaalidesse, kus on piiratud ruum ja sagedane transpordivajadus.<\/p>\n<p>ScanBox Ergo Line toiduk\u00e4rusid kasutatakse kuuma v\u00f5i k\u00fclma toidu hoidmiseks ja t\u00f5husaks transportimiseks.<br \/>\nKeskendudes kasutusmugavusele ja ergonoomikale, h\u00f5lbustab Ergo Line igap\u00e4evaseid toitlustust\u00f6id ja pakub oma suuruse kohta suurt mahutavust.<br \/>\nKonstruktsioon tagab \u00fchtlase temperatuuri kogu k\u00e4rus, s\u00e4ilitades toidu kvaliteedi.<\/p>\n<p><strong>Tehniline kirjeldus:<\/strong><br \/>\nV\u00e4liskorpus: roostevaba teras ja klaaskiuga tugevdatud plastik.<br \/>\nSisekorpus:\u00a0 alumiinium ja roostevabast terasest siinistik.<br \/>\nSiinide vahe\u00a0 80mm<br \/>\nMahutavus:\u00a0 GN 1\/1-65mm\u00a0 2 x 8 tk<br \/>\nKandiku m\u00f5\u00f5t:\u00a0 53 x 32,5cm<br \/>\nRiiulite koormus: max 9 kg<br \/>\nRattad 16cm, millest kaks p\u00f6\u00f6ravat ja piduriga ning kaks j\u00e4ika.<br \/>\nSisem\u00f5\u00f5dud: 352 mm x 600 mm x 727 mm<br \/>\nV\u00e4lism\u00f5\u00f5dud: 1100 mm x 810 mm x 1065 mm<br \/>\nKaal\u00a0 85 kg<br \/>\nMaht\u00a0 154 L<\/p>","protected":false},"featured_media":35218,"template":"","meta":{"_acf_changed":false,"inline_featured_image":false},"product_brand":[],"product_cat":[11505],"product_tag":[11956,11955],"class_list":{"0":"post-35204","1":"product","2":"type-product","3":"status-publish","4":"has-post-thumbnail","6":"product_cat-toidutranspordi-karud","7":"product_tag-kandikukaru","8":"product_tag-kandikute-karu","9":"pa_kaubamark-scanbox","11":"first","12":"outofstock","13":"shipping-taxable","14":"purchasable","15":"product-type-simple"},"acf":[],"_links":{"self":[{"href":"https:\/\/farwell.ee\/en\/wp-json\/wp\/v2\/product\/35204","targetHints":{"allow":["GET"]}}],"collection":[{"href":"https:\/\/farwell.ee\/en\/wp-json\/wp\/v2\/product"}],"about":[{"href":"https:\/\/farwell.ee\/en\/wp-json\/wp\/v2\/types\/product"}],"wp:featuredmedia":[{"embeddable":true,"href":"https:\/\/farwell.ee\/en\/wp-json\/wp\/v2\/media\/35218"}],"wp:attachment":[{"href":"https:\/\/farwell.ee\/en\/wp-json\/wp\/v2\/media?parent=35204"}],"wp:term":[{"taxonomy":"product_brand","embeddable":true,"href":"https:\/\/farwell.ee\/en\/wp-json\/wp\/v2\/product_brand?post=35204"},{"taxonomy":"product_cat","embeddable":true,"href":"https:\/\/farwell.ee\/en\/wp-json\/wp\/v2\/product_cat?post=35204"},{"taxonomy":"product_tag","embeddable":true,"href":"https:\/\/farwell.ee\/en\/wp-json\/wp\/v2\/product_tag?post=35204"}],"curies":[{"name":"wp","href":"https:\/\/api.w.org\/{rel}","templated":true}]}}