{"id":35175,"date":"2025-09-05T10:45:04","date_gmt":"2025-09-05T07:45:04","guid":{"rendered":"https:\/\/farwell.ee\/toode\/piimakulmik-6l-kahele-tetrapakendile-voimsus-52w\/"},"modified":"2026-02-19T11:00:07","modified_gmt":"2026-02-19T09:00:07","slug":"piimakulmik-6l-kahele-tetrapakendile-voimsus-52w","status":"publish","type":"product","link":"https:\/\/farwell.ee\/en\/product\/piimakulmik-6l-kahele-tetrapakendile-voimsus-52w\/","title":{"rendered":"Piimak\u00fclmik 6L kahele tetrapakendile, v\u00f5imsus 52W"},"content":{"rendered":"","protected":false},"excerpt":{"rendered":"<p>V\u00e4ike stiilse disainiga piimak\u00fclmik, mis sobib \u200b\u200bkontoritesse, k\u00f6\u00f6ginurkadesse ja v\u00e4iksematesse iseteeninduslikesse kohvijaamadele.<br \/>\nSee termoelektriline k\u00fclmik mahutab 2 Tetra Pakki\u00ae piima ja on t\u00e4nu kahele piimavooliku avale ideaalne t\u00e4iendus t\u00e4isautomaatsetele kohvimasinatele.<\/p>\n<p>Sisem\u00f5\u00f5dud : laius 160 mm, s\u00fcgavus 135 mm, k\u00f5rgus 285 mm.<br \/>\nPiimavooliku 2 ava, seadmel vasakul ja paremal, \u00d8 7 mm<br \/>\nTemperatuuri reguleerimine.<br \/>\nJahutus: termoelektriline<br \/>\nJahutusv\u00f5imsus 12 \u00b0C kuni 15 \u00b0C allapoole \u00fcmbritseva \u00f5hu temperatuuri.<br \/>\n\u00dcmbritseva \u00f5hu temperatuur kuni +22\u00b0C.<br \/>\nIsolatsioon: pol\u00fcuretaan (CFC-vaba)<br \/>\nJahutuse kontrolllamp.<br \/>\nSISSE\/V\u00c4LJA l\u00fcliti:\u00a0 jah<br \/>\nSisevalgustus:\u00a0 ei<br \/>\nVaheplaatide arv 1<br \/>\nVaheplaadi laius 155 mm<br \/>\nVaheplaadi s\u00fcgavus 125 mm<br \/>\nReguleeritava k\u00f5rgusega vaheriiulid : jah<br \/>\nLukustatav :\u00a0 ei<br \/>\nUkse hingede k\u00e4elisus: parem<br \/>\nUkse hingede k\u00e4elisust saab vahetada:\u00a0 jah<br \/>\nM\u00f5eldud n\u00e4iteks 2 x 1-liitrisele Tetra Pak\u00ae-ile<br \/>\nPiima otsevarustus l\u00e4bi k\u00fclmiku k\u00fclgmiste avade.<br \/>\nKomplektis 12 V autoadapter.<br \/>\nToide: DC 12 V<br \/>\nV\u00f5imsus: 0,052 kW<br \/>\nPinge: 220 V<br \/>\nSagedus: 50 Hz<br \/>\nMaterjal: plastik ABS<br \/>\nV\u00e4lism\u00f5\u00f5dud:\u00a0 laius: 220 mm , s\u00fcgavus: 270 mm, k\u00f5rgus: 350 mm<br \/>\nKaal: 3,1 kg<\/p>","protected":false},"featured_media":35172,"template":"","meta":{"_acf_changed":false,"inline_featured_image":false},"product_brand":[],"product_cat":[5776],"product_tag":[],"class_list":{"0":"post-35175","1":"product","2":"type-product","3":"status-publish","4":"has-post-thumbnail","6":"product_cat-muud-vaikeseadmed","7":"pa_kaubamark-bartscher","9":"first","10":"outofstock","11":"shipping-taxable","12":"purchasable","13":"product-type-simple"},"acf":[],"_links":{"self":[{"href":"https:\/\/farwell.ee\/en\/wp-json\/wp\/v2\/product\/35175","targetHints":{"allow":["GET"]}}],"collection":[{"href":"https:\/\/farwell.ee\/en\/wp-json\/wp\/v2\/product"}],"about":[{"href":"https:\/\/farwell.ee\/en\/wp-json\/wp\/v2\/types\/product"}],"wp:featuredmedia":[{"embeddable":true,"href":"https:\/\/farwell.ee\/en\/wp-json\/wp\/v2\/media\/35172"}],"wp:attachment":[{"href":"https:\/\/farwell.ee\/en\/wp-json\/wp\/v2\/media?parent=35175"}],"wp:term":[{"taxonomy":"product_brand","embeddable":true,"href":"https:\/\/farwell.ee\/en\/wp-json\/wp\/v2\/product_brand?post=35175"},{"taxonomy":"product_cat","embeddable":true,"href":"https:\/\/farwell.ee\/en\/wp-json\/wp\/v2\/product_cat?post=35175"},{"taxonomy":"product_tag","embeddable":true,"href":"https:\/\/farwell.ee\/en\/wp-json\/wp\/v2\/product_tag?post=35175"}],"curies":[{"name":"wp","href":"https:\/\/api.w.org\/{rel}","templated":true}]}}