{"id":35153,"date":"2025-09-04T08:45:04","date_gmt":"2025-09-04T05:45:04","guid":{"rendered":"https:\/\/farwell.ee\/toode\/ahjurest-gn-1-1-friikartulitele-lainestatud\/"},"modified":"2026-01-09T11:00:09","modified_gmt":"2026-01-09T09:00:09","slug":"ahjurest-gn-1-1-friikartulitele-lainestatud","status":"publish","type":"product","link":"https:\/\/farwell.ee\/en\/product\/ahjurest-gn-1-1-friikartulitele-lainestatud\/","title":{"rendered":"Ahjurest GN 1\/1 friikartulitele, lainestatud"},"content":{"rendered":"","protected":false},"excerpt":{"rendered":"<p>V\u00f5rgustik on valmistatud roostevabast terasest AISI 304.<br \/>\nRaam ja k\u00e4epidemed on valmistatud roostevabast terasest.<br \/>\nLaineline p\u00f5hi on kleepumise v\u00e4ltimiseks.<br \/>\nV\u00f5rgusilma m\u00f5\u00f5tmed: 7x7mm.<br \/>\nK\u00fcpsetuspind u. 45&#215;25,5cm.<br \/>\nTemperatuuritaluvus kuni +200 C<br \/>\nN\u00f5udepesumasinas pestav.<\/p>","protected":false},"featured_media":35151,"template":"","meta":{"_acf_changed":false,"inline_featured_image":false},"product_brand":[],"product_cat":[151],"product_tag":[],"class_list":{"0":"post-35153","1":"product","2":"type-product","3":"status-publish","4":"has-post-thumbnail","6":"product_cat-pagariplaadid-ja-restid","7":"pa_kaubamark-hendi","9":"first","10":"outofstock","11":"shipping-taxable","12":"purchasable","13":"product-type-simple"},"acf":[],"_links":{"self":[{"href":"https:\/\/farwell.ee\/en\/wp-json\/wp\/v2\/product\/35153","targetHints":{"allow":["GET"]}}],"collection":[{"href":"https:\/\/farwell.ee\/en\/wp-json\/wp\/v2\/product"}],"about":[{"href":"https:\/\/farwell.ee\/en\/wp-json\/wp\/v2\/types\/product"}],"wp:featuredmedia":[{"embeddable":true,"href":"https:\/\/farwell.ee\/en\/wp-json\/wp\/v2\/media\/35151"}],"wp:attachment":[{"href":"https:\/\/farwell.ee\/en\/wp-json\/wp\/v2\/media?parent=35153"}],"wp:term":[{"taxonomy":"product_brand","embeddable":true,"href":"https:\/\/farwell.ee\/en\/wp-json\/wp\/v2\/product_brand?post=35153"},{"taxonomy":"product_cat","embeddable":true,"href":"https:\/\/farwell.ee\/en\/wp-json\/wp\/v2\/product_cat?post=35153"},{"taxonomy":"product_tag","embeddable":true,"href":"https:\/\/farwell.ee\/en\/wp-json\/wp\/v2\/product_tag?post=35153"}],"curies":[{"name":"wp","href":"https:\/\/api.w.org\/{rel}","templated":true}]}}