{"id":35077,"date":"2025-09-01T10:15:04","date_gmt":"2025-09-01T07:15:04","guid":{"rendered":"https:\/\/farwell.ee\/toode\/noudepesurest-soogiriistadele-500x500mm\/"},"modified":"2026-03-20T14:15:06","modified_gmt":"2026-03-20T12:15:06","slug":"noudepesurest-soogiriistadele-500x500mm","status":"publish","type":"product","link":"https:\/\/farwell.ee\/en\/product\/noudepesurest-soogiriistadele-500x500mm\/","title":{"rendered":"N\u00f5udepesukorv s\u00f6\u00f6giriistadele 50x50cm"},"content":{"rendered":"","protected":false},"excerpt":{"rendered":"","protected":false},"featured_media":35076,"template":"","meta":{"_acf_changed":false,"inline_featured_image":false},"product_brand":[],"product_cat":[6267],"product_tag":[11893,11894],"class_list":{"0":"post-35077","1":"product","2":"type-product","3":"status-publish","4":"has-post-thumbnail","6":"product_cat-noudepesurestid","7":"product_tag-noudepesurest-soogiriistadele","8":"product_tag-soogiriistade-pesukorv","9":"pa_kaubamark-paderno","11":"first","12":"outofstock","13":"shipping-taxable","14":"purchasable","15":"product-type-simple"},"acf":[],"_links":{"self":[{"href":"https:\/\/farwell.ee\/en\/wp-json\/wp\/v2\/product\/35077","targetHints":{"allow":["GET"]}}],"collection":[{"href":"https:\/\/farwell.ee\/en\/wp-json\/wp\/v2\/product"}],"about":[{"href":"https:\/\/farwell.ee\/en\/wp-json\/wp\/v2\/types\/product"}],"wp:featuredmedia":[{"embeddable":true,"href":"https:\/\/farwell.ee\/en\/wp-json\/wp\/v2\/media\/35076"}],"wp:attachment":[{"href":"https:\/\/farwell.ee\/en\/wp-json\/wp\/v2\/media?parent=35077"}],"wp:term":[{"taxonomy":"product_brand","embeddable":true,"href":"https:\/\/farwell.ee\/en\/wp-json\/wp\/v2\/product_brand?post=35077"},{"taxonomy":"product_cat","embeddable":true,"href":"https:\/\/farwell.ee\/en\/wp-json\/wp\/v2\/product_cat?post=35077"},{"taxonomy":"product_tag","embeddable":true,"href":"https:\/\/farwell.ee\/en\/wp-json\/wp\/v2\/product_tag?post=35077"}],"curies":[{"name":"wp","href":"https:\/\/api.w.org\/{rel}","templated":true}]}}