{"id":34555,"date":"2025-06-18T14:45:03","date_gmt":"2025-06-18T11:45:03","guid":{"rendered":"https:\/\/farwell.ee\/toode\/tsirkulaator-e-sous-vide-20l-vesiahi-gn-1-1-voimsus-600w\/"},"modified":"2026-03-18T15:30:04","modified_gmt":"2026-03-18T13:30:04","slug":"tsirkulaator-e-sous-vide-20l-vesiahi-gn-1-1-voimsus-600w","status":"publish","type":"product","link":"https:\/\/farwell.ee\/en\/product\/tsirkulaator-e-sous-vide-20l-vesiahi-gn-1-1-voimsus-600w\/","title":{"rendered":"Tsirkulaator e. Sous Vide 20L vesiahi GN 1\/1, v\u00f5imsus 600W"},"content":{"rendered":"","protected":false},"excerpt":{"rendered":"<p>Toiduvalmistamise s\u00fcsteem, mille puhul vaakumpakendatud toitu k\u00fcpsetatakse t\u00e4pselt reguleeritud temperatuuril.<br \/>\n\u00c4\u00e4rmiselt sobilik aeglast valmimisprotsessi n\u00f5udvate roogade valmistamiseks.<br \/>\nP\u00fcsivad kvaliteetsed tulemused.<br \/>\n\u00dclit\u00e4pne termostaat on reguleeritav (0,1C) vahemikus 35C kuni 90C.<br \/>\nKorpus valmistatud t\u00e4ielikult roostevabast terasest.<br \/>\nSaab \u00f5hu-ja veekindlalt sulgeda t\u00e4nu silikoonist servaga kaanele.<br \/>\nK\u00e4epideme ja \u00e4ravoolukraaniga.<br \/>\nKaasas: eraldaja, 6 vaheseinaga roostevabast terasest separaator.<br \/>\nMaht: 20L<br \/>\nM\u00f5\u00f5dud: 540 x 335 x 310mm<br \/>\nV\u00f5imsus: 230V \/ 600W<\/p>","protected":false},"featured_media":34559,"template":"","meta":{"_acf_changed":false,"inline_featured_image":false},"product_brand":[],"product_cat":[5667],"product_tag":[],"class_list":{"0":"post-34555","1":"product","2":"type-product","3":"status-publish","4":"has-post-thumbnail","6":"product_cat-sous-vide-tsirkulaatorid","7":"pa_kaubamark-hendi","9":"first","10":"outofstock","11":"shipping-taxable","12":"purchasable","13":"product-type-simple"},"acf":[],"_links":{"self":[{"href":"https:\/\/farwell.ee\/en\/wp-json\/wp\/v2\/product\/34555","targetHints":{"allow":["GET"]}}],"collection":[{"href":"https:\/\/farwell.ee\/en\/wp-json\/wp\/v2\/product"}],"about":[{"href":"https:\/\/farwell.ee\/en\/wp-json\/wp\/v2\/types\/product"}],"wp:featuredmedia":[{"embeddable":true,"href":"https:\/\/farwell.ee\/en\/wp-json\/wp\/v2\/media\/34559"}],"wp:attachment":[{"href":"https:\/\/farwell.ee\/en\/wp-json\/wp\/v2\/media?parent=34555"}],"wp:term":[{"taxonomy":"product_brand","embeddable":true,"href":"https:\/\/farwell.ee\/en\/wp-json\/wp\/v2\/product_brand?post=34555"},{"taxonomy":"product_cat","embeddable":true,"href":"https:\/\/farwell.ee\/en\/wp-json\/wp\/v2\/product_cat?post=34555"},{"taxonomy":"product_tag","embeddable":true,"href":"https:\/\/farwell.ee\/en\/wp-json\/wp\/v2\/product_tag?post=34555"}],"curies":[{"name":"wp","href":"https:\/\/api.w.org\/{rel}","templated":true}]}}