{"id":34536,"date":"2025-06-18T10:45:04","date_gmt":"2025-06-18T07:45:04","guid":{"rendered":"https:\/\/farwell.ee\/toode\/soorikufrituur-12l-voimsus-35kw\/"},"modified":"2026-01-09T11:00:09","modified_gmt":"2026-01-09T09:00:09","slug":"soorikufrituur-12l-voimsus-35kw","status":"publish","type":"product","link":"https:\/\/farwell.ee\/en\/product\/soorikufrituur-12l-voimsus-35kw\/","title":{"rendered":"S\u00f5\u00f5rikufrit\u00fc\u00fcr 12L, v\u00f5imsus 3,5kW"},"content":{"rendered":"","protected":false},"excerpt":{"rendered":"<div class=\"richContent-root-Ykt\">\n<div>\n<div>Sobib ideaalselt pont\u0161ikute ja muude frit\u00fc\u00fcritud toitude praadimiseks.<br \/>\nM\u00f5eldud intensiivseks kasutamiseks.<br \/>\nKorpus on valmistatud roostevabast terasest.<br \/>\nSuur praekamber mahutavusega 12L ja m\u00f5\u00f5tmetega 400x400x(H)160 mm.<br \/>\nKeevitatud kamber, mille p\u00f5hjas on \u00f5li \u00e4ravooluava, mis l\u00f5peb \u00e4ravoolukraaniga.<br \/>\nEemaldatav juhtelement koos k\u00fctteseadmega, millel on lisakaitse, mis l\u00fclitab kogu seadme v\u00e4lja, kui see eemaldatakse.<br \/>\nTemperatuuri reguleerimine: 50\u00b0-190\u00b0C.<br \/>\n\u00dclekuumenemiskaitse koos reset-funktsiooniga t\u00e4iendava kaitse tagamiseks.<br \/>\n\u201eK\u00fclma tsooni\u201c s\u00fcsteem eraldab puru ja setted k\u00fcttekehadest allapoole ja pikendab frit\u00fc\u00fcri kasutusaega ning v\u00e4ldib toiduaine kiiret k\u00f5rbemaminekut.<br \/>\nKummist libisemiskindlad jalad.<\/div>\n<\/div>\n<\/div>\n<div class=\"richContent-root-Ykt\"><\/div>","protected":false},"featured_media":34533,"template":"","meta":{"_acf_changed":false,"inline_featured_image":false},"product_brand":[],"product_cat":[5584],"product_tag":[11690],"class_list":{"0":"post-34536","1":"product","2":"type-product","3":"status-publish","4":"has-post-thumbnail","6":"product_cat-profifrituurid","7":"product_tag-soorikute-frituur","8":"pa_kaubamark-hendi","10":"first","11":"outofstock","12":"shipping-taxable","13":"purchasable","14":"product-type-simple"},"acf":[],"_links":{"self":[{"href":"https:\/\/farwell.ee\/en\/wp-json\/wp\/v2\/product\/34536","targetHints":{"allow":["GET"]}}],"collection":[{"href":"https:\/\/farwell.ee\/en\/wp-json\/wp\/v2\/product"}],"about":[{"href":"https:\/\/farwell.ee\/en\/wp-json\/wp\/v2\/types\/product"}],"wp:featuredmedia":[{"embeddable":true,"href":"https:\/\/farwell.ee\/en\/wp-json\/wp\/v2\/media\/34533"}],"wp:attachment":[{"href":"https:\/\/farwell.ee\/en\/wp-json\/wp\/v2\/media?parent=34536"}],"wp:term":[{"taxonomy":"product_brand","embeddable":true,"href":"https:\/\/farwell.ee\/en\/wp-json\/wp\/v2\/product_brand?post=34536"},{"taxonomy":"product_cat","embeddable":true,"href":"https:\/\/farwell.ee\/en\/wp-json\/wp\/v2\/product_cat?post=34536"},{"taxonomy":"product_tag","embeddable":true,"href":"https:\/\/farwell.ee\/en\/wp-json\/wp\/v2\/product_tag?post=34536"}],"curies":[{"name":"wp","href":"https:\/\/api.w.org\/{rel}","templated":true}]}}