{"id":34524,"date":"2025-06-18T09:00:04","date_gmt":"2025-06-18T06:00:04","guid":{"rendered":"https:\/\/farwell.ee\/toode\/torketermomeeter-e-sondtermomeeter-50c-300c-kokkupandava-sondiga\/"},"modified":"2026-01-27T17:00:04","modified_gmt":"2026-01-27T15:00:04","slug":"torketermomeeter-e-sondtermomeeter-50c-300c-kokkupandava-sondiga","status":"publish","type":"product","link":"https:\/\/farwell.ee\/en\/product\/torketermomeeter-e-sondtermomeeter-50c-300c-kokkupandava-sondiga\/","title":{"rendered":"Torketermomeeter e. sondtermomeeter -50\u00b0C\/+300\u00b0C kokkupandava sondiga"},"content":{"rendered":"","protected":false},"excerpt":{"rendered":"<p>Digitaalne termomeeter kokkupandava sondiga.<br \/>\nRoostevabast terasest AISI 304 valmistatud 115 mm pikkune kokkupandav sond.<br \/>\nTemperatuuri\u00fchikuks saab valida \u00b0C v\u00f5i \u00b0F.<br \/>\nTemperatuurivahemik: -50\u00b0C kuni 300\u00b0C.<br \/>\nM\u00f5\u00f5tmise t\u00e4psus:<br \/>\n\u22481\u00b0C vahemikus -19,9\u00b0C kuni 119,9\u00b0C,<br \/>\n\u22482\u00b0C vahemikus -50\u00b0C kuni -20\u00b0C ja 120 kuni 199,9\u00b0C,<br \/>\n\u22483\u00b0C vahemikus 200\u00b0C kuni 250\u00b0C,<br \/>\n\u22485\u00b0C vahemikus 250\u00b0C kuni 300\u00b0C.<br \/>\nResolutsioon: 0,1\u00b0C (temperatuuri m\u00f5\u00f5tmistulemus kuvatakse \u00fche k\u00fcmnendkoha t\u00e4psusega).<br \/>\nAutomaatne v\u00e4ljal\u00fclitamine p\u00e4rast 45-minutilist tegevusetust.<br \/>\nT\u00f6\u00f6tav \u00fcmbritseva keskkonna temperatuurivahemik: 0\u00b0C kuni 50\u00b0C.<br \/>\nM\u00f5\u00f5tmiste ajal registreeritakse maksimaalne ja minimaalne temperatuur.<br \/>\nToiteallikaks 1x AAA patarei (kuulu komplekti).<br \/>\nM\u00f5\u00f5dud: 160x55x20mm.<\/p>","protected":false},"featured_media":34527,"template":"","meta":{"_acf_changed":false,"inline_featured_image":false},"product_brand":[],"product_cat":[181],"product_tag":[],"class_list":{"0":"post-34524","1":"product","2":"type-product","3":"status-publish","4":"has-post-thumbnail","6":"product_cat-termomeetrid-ja-taimerid","7":"pa_kaubamark-hendi","9":"first","10":"outofstock","11":"shipping-taxable","12":"purchasable","13":"product-type-simple"},"acf":[],"_links":{"self":[{"href":"https:\/\/farwell.ee\/en\/wp-json\/wp\/v2\/product\/34524","targetHints":{"allow":["GET"]}}],"collection":[{"href":"https:\/\/farwell.ee\/en\/wp-json\/wp\/v2\/product"}],"about":[{"href":"https:\/\/farwell.ee\/en\/wp-json\/wp\/v2\/types\/product"}],"wp:featuredmedia":[{"embeddable":true,"href":"https:\/\/farwell.ee\/en\/wp-json\/wp\/v2\/media\/34527"}],"wp:attachment":[{"href":"https:\/\/farwell.ee\/en\/wp-json\/wp\/v2\/media?parent=34524"}],"wp:term":[{"taxonomy":"product_brand","embeddable":true,"href":"https:\/\/farwell.ee\/en\/wp-json\/wp\/v2\/product_brand?post=34524"},{"taxonomy":"product_cat","embeddable":true,"href":"https:\/\/farwell.ee\/en\/wp-json\/wp\/v2\/product_cat?post=34524"},{"taxonomy":"product_tag","embeddable":true,"href":"https:\/\/farwell.ee\/en\/wp-json\/wp\/v2\/product_tag?post=34524"}],"curies":[{"name":"wp","href":"https:\/\/api.w.org\/{rel}","templated":true}]}}