{"id":34397,"date":"2025-06-06T12:00:18","date_gmt":"2025-06-06T09:00:18","guid":{"rendered":"https:\/\/farwell.ee\/toode\/koogiviljanuga-13cm-santoku-3-kihiline-movax-superior-teras-blue-breeze\/"},"modified":"2026-03-19T10:00:04","modified_gmt":"2026-03-19T08:00:04","slug":"koogiviljanuga-13cm-santoku-3-kihiline-movax-superior-teras-blue-breeze","status":"publish","type":"product","link":"https:\/\/farwell.ee\/en\/product\/koogiviljanuga-13cm-santoku-3-kihiline-movax-superior-teras-blue-breeze\/","title":{"rendered":"K\u00f6\u00f6giviljanuga 13cm Santoku 3-kihiline Movax-Superior-teras Blue Breeze"},"content":{"rendered":"","protected":false},"excerpt":{"rendered":"<p>Jaapani Yaxell Blue Breeze k\u00f6\u00f6giviljanuga on valmistatud traditsioonilisel kihilise sepistamise meetodil.<br \/>\nKolmekihiline tera on sepistatud Movax Superior terasest, mis koosneb kroomist, mol\u00fcbdeenist ja vanaadiumist ning sisuterase m\u00f5lemal k\u00fcljel on sepistatud kvaliteetse jaapani roostevaba terase kiht.<br \/>\nVastupidav ja uhiuue disainiga sinine k\u00e4epide Yaxelli valikus on valmistatud pakka puidust.<br \/>\nTerade k\u00f5vadus on Rockwell C58.<br \/>\nTeritusnurk on 10\u00b0.<br \/>\nPakendatud stiilsesse kinkekarpi.<\/p>","protected":false},"featured_media":34396,"template":"","meta":{"_acf_changed":false,"inline_featured_image":false},"product_brand":[],"product_cat":[140],"product_tag":[],"class_list":{"0":"post-34397","1":"product","2":"type-product","3":"status-publish","4":"has-post-thumbnail","6":"product_cat-kooginoad","7":"pa_kaubamark-yaxell","9":"first","10":"outofstock","11":"shipping-taxable","12":"purchasable","13":"product-type-simple"},"acf":[],"_links":{"self":[{"href":"https:\/\/farwell.ee\/en\/wp-json\/wp\/v2\/product\/34397","targetHints":{"allow":["GET"]}}],"collection":[{"href":"https:\/\/farwell.ee\/en\/wp-json\/wp\/v2\/product"}],"about":[{"href":"https:\/\/farwell.ee\/en\/wp-json\/wp\/v2\/types\/product"}],"wp:featuredmedia":[{"embeddable":true,"href":"https:\/\/farwell.ee\/en\/wp-json\/wp\/v2\/media\/34396"}],"wp:attachment":[{"href":"https:\/\/farwell.ee\/en\/wp-json\/wp\/v2\/media?parent=34397"}],"wp:term":[{"taxonomy":"product_brand","embeddable":true,"href":"https:\/\/farwell.ee\/en\/wp-json\/wp\/v2\/product_brand?post=34397"},{"taxonomy":"product_cat","embeddable":true,"href":"https:\/\/farwell.ee\/en\/wp-json\/wp\/v2\/product_cat?post=34397"},{"taxonomy":"product_tag","embeddable":true,"href":"https:\/\/farwell.ee\/en\/wp-json\/wp\/v2\/product_tag?post=34397"}],"curies":[{"name":"wp","href":"https:\/\/api.w.org\/{rel}","templated":true}]}}