{"id":34395,"date":"2025-06-06T12:00:17","date_gmt":"2025-06-06T09:00:17","guid":{"rendered":"https:\/\/farwell.ee\/toode\/kokanuga-165cm-santoku-3-kihiline-movax-superior-teras-blue-breeze\/"},"modified":"2025-10-17T13:15:03","modified_gmt":"2025-10-17T10:15:03","slug":"kokanuga-165cm-santoku-3-kihiline-movax-superior-teras-blue-breeze","status":"publish","type":"product","link":"https:\/\/farwell.ee\/en\/product\/kokanuga-165cm-santoku-3-kihiline-movax-superior-teras-blue-breeze\/","title":{"rendered":"Kokanuga 16,5cm Santoku 3-kihiline Movax-Superior-teras Blue Breeze"},"content":{"rendered":"","protected":false},"excerpt":{"rendered":"<p>Jaapani Yaxell Blue Breeze Santoku kokanuga on valmistatud traditsioonilisel kihilise sepistamise meetodil.<br \/>\nKolmekihiline tera on sepistatud Movax Superior terasest, mis koosneb kroomist, mol\u00fcbdeenist ja vanaadiumist ning sisuterase m\u00f5lemal k\u00fcljel on sepistatud kvaliteetse jaapani roostevaba terase kiht.<br \/>\nVastupidav ja uhiuue disainiga sinine k\u00e4epide Yaxelli valikus on valmistatud pakka puidust.<br \/>\nTerade k\u00f5vadus on Rockwell C58.<br \/>\nTeritusnurk on 10\u00b0.<br \/>\nPakendatud stiilsesse kinkekarpi.<\/p>","protected":false},"featured_media":34394,"template":"","meta":{"_acf_changed":false,"inline_featured_image":false},"product_brand":[],"product_cat":[140],"product_tag":[],"class_list":{"0":"post-34395","1":"product","2":"type-product","3":"status-publish","4":"has-post-thumbnail","6":"product_cat-kooginoad","7":"pa_kaubamark-yaxell","9":"first","10":"outofstock","11":"shipping-taxable","12":"purchasable","13":"product-type-simple"},"acf":[],"_links":{"self":[{"href":"https:\/\/farwell.ee\/en\/wp-json\/wp\/v2\/product\/34395","targetHints":{"allow":["GET"]}}],"collection":[{"href":"https:\/\/farwell.ee\/en\/wp-json\/wp\/v2\/product"}],"about":[{"href":"https:\/\/farwell.ee\/en\/wp-json\/wp\/v2\/types\/product"}],"wp:featuredmedia":[{"embeddable":true,"href":"https:\/\/farwell.ee\/en\/wp-json\/wp\/v2\/media\/34394"}],"wp:attachment":[{"href":"https:\/\/farwell.ee\/en\/wp-json\/wp\/v2\/media?parent=34395"}],"wp:term":[{"taxonomy":"product_brand","embeddable":true,"href":"https:\/\/farwell.ee\/en\/wp-json\/wp\/v2\/product_brand?post=34395"},{"taxonomy":"product_cat","embeddable":true,"href":"https:\/\/farwell.ee\/en\/wp-json\/wp\/v2\/product_cat?post=34395"},{"taxonomy":"product_tag","embeddable":true,"href":"https:\/\/farwell.ee\/en\/wp-json\/wp\/v2\/product_tag?post=34395"}],"curies":[{"name":"wp","href":"https:\/\/api.w.org\/{rel}","templated":true}]}}