{"id":34393,"date":"2025-06-06T12:00:16","date_gmt":"2025-06-06T09:00:16","guid":{"rendered":"https:\/\/farwell.ee\/toode\/kokanuga-20cm-gyoto-3-kihiline-movax-superior-teras-blue-breeze\/"},"modified":"2026-04-10T08:00:13","modified_gmt":"2026-04-10T05:00:13","slug":"kokanuga-20cm-gyoto-3-kihiline-movax-superior-teras-blue-breeze","status":"publish","type":"product","link":"https:\/\/farwell.ee\/en\/product\/kokanuga-20cm-gyoto-3-kihiline-movax-superior-teras-blue-breeze\/","title":{"rendered":"Kokanuga 20cm Gyoto 3-kihiline Movax-Superior-teras Blue Breeze"},"content":{"rendered":"","protected":false},"excerpt":{"rendered":"<p>Jaapani Yaxell Blue Breeze Gyoto kokanuga on valmistatud traditsioonilisel kihilise sepistamise meetodil.<br \/>\nKolmekihiline tera on sepistatud Movax Superior terasest, mis koosneb kroomist, mol\u00fcbdeenist ja vanaadiumist ning sisuterase m\u00f5lemal k\u00fcljel on sepistatud kvaliteetse jaapani roostevaba terase kiht.<br \/>\nVastupidav ja uhiuue disainiga sinine k\u00e4epide Yaxelli valikus on valmistatud pakka puidust.<br \/>\nTerade k\u00f5vadus on Rockwell C58.<br \/>\nTeritusnurk on 10\u00b0.<br \/>\nPakendatud stiilsesse kinkekarpi.<\/p>","protected":false},"featured_media":34392,"template":"","meta":{"_acf_changed":false,"inline_featured_image":false},"product_brand":[],"product_cat":[140],"product_tag":[],"class_list":{"0":"post-34393","1":"product","2":"type-product","3":"status-publish","4":"has-post-thumbnail","6":"product_cat-kooginoad","7":"pa_kaubamark-yaxell","9":"first","10":"outofstock","11":"shipping-taxable","12":"purchasable","13":"product-type-simple"},"acf":[],"_links":{"self":[{"href":"https:\/\/farwell.ee\/en\/wp-json\/wp\/v2\/product\/34393","targetHints":{"allow":["GET"]}}],"collection":[{"href":"https:\/\/farwell.ee\/en\/wp-json\/wp\/v2\/product"}],"about":[{"href":"https:\/\/farwell.ee\/en\/wp-json\/wp\/v2\/types\/product"}],"wp:featuredmedia":[{"embeddable":true,"href":"https:\/\/farwell.ee\/en\/wp-json\/wp\/v2\/media\/34392"}],"wp:attachment":[{"href":"https:\/\/farwell.ee\/en\/wp-json\/wp\/v2\/media?parent=34393"}],"wp:term":[{"taxonomy":"product_brand","embeddable":true,"href":"https:\/\/farwell.ee\/en\/wp-json\/wp\/v2\/product_brand?post=34393"},{"taxonomy":"product_cat","embeddable":true,"href":"https:\/\/farwell.ee\/en\/wp-json\/wp\/v2\/product_cat?post=34393"},{"taxonomy":"product_tag","embeddable":true,"href":"https:\/\/farwell.ee\/en\/wp-json\/wp\/v2\/product_tag?post=34393"}],"curies":[{"name":"wp","href":"https:\/\/api.w.org\/{rel}","templated":true}]}}