{"id":34391,"date":"2025-06-06T12:00:14","date_gmt":"2025-06-06T09:00:14","guid":{"rendered":"https:\/\/farwell.ee\/toode\/noudepesukorvide-togi-7-siiniga-kokkupandav\/"},"modified":"2026-05-11T10:00:06","modified_gmt":"2026-05-11T07:00:06","slug":"noudepesukorvide-togi-7-siiniga-kokkupandav","status":"publish","type":"product","link":"https:\/\/farwell.ee\/en\/product\/noudepesukorvide-togi-7-siiniga-kokkupandav\/","title":{"rendered":"N\u00f5udepesukorvide togi 7-siiniga, kokkupandav"},"content":{"rendered":"","protected":false},"excerpt":{"rendered":"<div class=\"richContent-root-Ykt\">\n<div>\n<div>Roostevabast terasest konstruktsioon, poltkinnitusega.<br \/>\nSobib n\u00f5udepesurestidele m\u00f5\u00f5tudega 500&#215;500 mm.<br \/>\n7 juhikut vahega 200 mm.<br \/>\nM\u00f5lemas otsas blokeerivad osad, et v\u00e4ltida korvide v\u00e4ljakukkumist transportimise ajal.<br \/>\n4 p\u00f6\u00f6rlevat ratast, 2 neist piduritega, kummist kattega.<br \/>\nServeerimisk\u00e4ru t\u00f5stej\u00f5ud \u00fchtlase kaalujaotuse korral: 100 kg<\/div>\n<\/div>\n<\/div>\n<div class=\"richContent-root-Ykt\">Kergendab puhtuse s\u00e4ilitamist t\u00f6\u00f6tsoonis, n\u00f5udepesumasina \u00fcmber.<\/p>\n<\/div>","protected":false},"featured_media":34390,"template":"","meta":{"_acf_changed":false,"inline_featured_image":false},"product_brand":[],"product_cat":[11620],"product_tag":[],"class_list":{"0":"post-34391","1":"product","2":"type-product","3":"status-publish","4":"has-post-thumbnail","6":"product_cat-noudepesurestide-karud","7":"pa_kaubamark-hendi","9":"first","10":"outofstock","11":"shipping-taxable","12":"purchasable","13":"product-type-simple"},"acf":[],"_links":{"self":[{"href":"https:\/\/farwell.ee\/en\/wp-json\/wp\/v2\/product\/34391","targetHints":{"allow":["GET"]}}],"collection":[{"href":"https:\/\/farwell.ee\/en\/wp-json\/wp\/v2\/product"}],"about":[{"href":"https:\/\/farwell.ee\/en\/wp-json\/wp\/v2\/types\/product"}],"wp:featuredmedia":[{"embeddable":true,"href":"https:\/\/farwell.ee\/en\/wp-json\/wp\/v2\/media\/34390"}],"wp:attachment":[{"href":"https:\/\/farwell.ee\/en\/wp-json\/wp\/v2\/media?parent=34391"}],"wp:term":[{"taxonomy":"product_brand","embeddable":true,"href":"https:\/\/farwell.ee\/en\/wp-json\/wp\/v2\/product_brand?post=34391"},{"taxonomy":"product_cat","embeddable":true,"href":"https:\/\/farwell.ee\/en\/wp-json\/wp\/v2\/product_cat?post=34391"},{"taxonomy":"product_tag","embeddable":true,"href":"https:\/\/farwell.ee\/en\/wp-json\/wp\/v2\/product_tag?post=34391"}],"curies":[{"name":"wp","href":"https:\/\/api.w.org\/{rel}","templated":true}]}}