{"id":34327,"date":"2025-06-02T08:45:03","date_gmt":"2025-06-02T05:45:03","guid":{"rendered":"https:\/\/farwell.ee\/toode\/kupsetusparlid-1kg-keraamilised\/"},"modified":"2026-03-05T16:00:05","modified_gmt":"2026-03-05T14:00:05","slug":"kupsetusparlid-1kg-keraamilised","status":"publish","type":"product","link":"https:\/\/farwell.ee\/en\/product\/kupsetusparlid-1kg-keraamilised\/","title":{"rendered":"K\u00fcpsetusp\u00e4rlid 1kg keraamilised"},"content":{"rendered":"","protected":false},"excerpt":{"rendered":"<p>K\u00fcpsetusp\u00e4rlid sobivad suurep\u00e4raselt t\u00fchjaks, s.t ilma t\u00e4idiseta, tortide, muretaigna ja muude k\u00fcpsetiste k\u00fcpsetamiseks.<\/p>\n<p>Graanuleid kasutatakse nii raskusena kui ka soojusjuhtidena, et tagada \u00fchtlane k\u00fcpsemine.<br \/>\nNeed ei lase tainal paisuda ega tekitada \u00f5humulle.<br \/>\nK\u00fcpsetuskuulid on h\u00fcgieenilised ja l\u00f5hnatud ning on alternatiiviks ubadele, kikerhernestele ja teistele kaunviljadele.<br \/>\nGraanulid laotatakse taigna peale, kui see on ahjuvormis lahti rullitud.<br \/>\n<span style=\"font-size: 1rem\">P\u00e4rast k\u00fcpsetamist saab neid uuesti kasutada.<\/span><\/p>\n<p>Materjal: keraamika.<br \/>\nPakendi kaal: 1 kg.<\/p>","protected":false},"featured_media":34325,"template":"","meta":{"_acf_changed":false,"inline_featured_image":false},"product_brand":[],"product_cat":[178],"product_tag":[11594,11595],"class_list":{"0":"post-34327","1":"product","2":"type-product","3":"status-publish","4":"has-post-thumbnail","6":"product_cat-tarvikud","7":"product_tag-graanulid","8":"product_tag-kupsetuskuulid","9":"pa_kaubamark-paderno","11":"first","12":"outofstock","13":"shipping-taxable","14":"purchasable","15":"product-type-simple"},"acf":[],"_links":{"self":[{"href":"https:\/\/farwell.ee\/en\/wp-json\/wp\/v2\/product\/34327","targetHints":{"allow":["GET"]}}],"collection":[{"href":"https:\/\/farwell.ee\/en\/wp-json\/wp\/v2\/product"}],"about":[{"href":"https:\/\/farwell.ee\/en\/wp-json\/wp\/v2\/types\/product"}],"wp:featuredmedia":[{"embeddable":true,"href":"https:\/\/farwell.ee\/en\/wp-json\/wp\/v2\/media\/34325"}],"wp:attachment":[{"href":"https:\/\/farwell.ee\/en\/wp-json\/wp\/v2\/media?parent=34327"}],"wp:term":[{"taxonomy":"product_brand","embeddable":true,"href":"https:\/\/farwell.ee\/en\/wp-json\/wp\/v2\/product_brand?post=34327"},{"taxonomy":"product_cat","embeddable":true,"href":"https:\/\/farwell.ee\/en\/wp-json\/wp\/v2\/product_cat?post=34327"},{"taxonomy":"product_tag","embeddable":true,"href":"https:\/\/farwell.ee\/en\/wp-json\/wp\/v2\/product_tag?post=34327"}],"curies":[{"name":"wp","href":"https:\/\/api.w.org\/{rel}","templated":true}]}}