{"id":34302,"date":"2025-05-30T11:00:04","date_gmt":"2025-05-30T08:00:04","guid":{"rendered":"https:\/\/farwell.ee\/toode\/uhmer-16cm-graniidist\/"},"modified":"2025-07-01T15:15:09","modified_gmt":"2025-07-01T12:15:09","slug":"uhmer-16cm-graniidist","status":"publish","type":"product","link":"https:\/\/farwell.ee\/en\/product\/uhmer-16cm-graniidist\/","title":{"rendered":"Uhmer 16cm graniidist"},"content":{"rendered":"","protected":false},"excerpt":{"rendered":"<p>Kivi (graniit) on uhmrimaterjalidest k\u00f5ige kergemini hooldatav, mitmek\u00fclgsem ja t\u00f5husaim.<br \/>\nKiviuhmri abil saad valmistada nii kuivi maitseainesegusid kui ka vedelamaid \u00fcrdisegusid, n\u00e4iteks pestokastet.<br \/>\nKareda pinnaga uhmris on lihtsam n\u00e4iteks paprikat purustada, sest selle t\u00fckid ei p\u00e4\u00e4se uhmrist v\u00e4lja nagu sileda pinnaga uhmrites.<\/p>\n<p>Kiviuhmrit saab puhastada veega ning soovitav on perioodiliselt rapsi\u00f5liga sisepinda m\u00e4\u00e4rida, et v\u00e4ltida maitsete ja v\u00e4rvide imendumist uhmri sisepinnale.<\/p>","protected":false},"featured_media":34300,"template":"","meta":{"_acf_changed":false,"inline_featured_image":false},"product_brand":[],"product_cat":[163],"product_tag":[11585,11586],"class_list":{"0":"post-34302","1":"product","2":"type-product","3":"status-publish","4":"has-post-thumbnail","6":"product_cat-riivid-koorijad-ja-pureestajad","7":"product_tag-graniituhmer","8":"product_tag-kiviuhmer","9":"pa_kaubamark-lacor","11":"first","12":"outofstock","13":"shipping-taxable","14":"purchasable","15":"product-type-simple"},"acf":[],"_links":{"self":[{"href":"https:\/\/farwell.ee\/en\/wp-json\/wp\/v2\/product\/34302","targetHints":{"allow":["GET"]}}],"collection":[{"href":"https:\/\/farwell.ee\/en\/wp-json\/wp\/v2\/product"}],"about":[{"href":"https:\/\/farwell.ee\/en\/wp-json\/wp\/v2\/types\/product"}],"wp:featuredmedia":[{"embeddable":true,"href":"https:\/\/farwell.ee\/en\/wp-json\/wp\/v2\/media\/34300"}],"wp:attachment":[{"href":"https:\/\/farwell.ee\/en\/wp-json\/wp\/v2\/media?parent=34302"}],"wp:term":[{"taxonomy":"product_brand","embeddable":true,"href":"https:\/\/farwell.ee\/en\/wp-json\/wp\/v2\/product_brand?post=34302"},{"taxonomy":"product_cat","embeddable":true,"href":"https:\/\/farwell.ee\/en\/wp-json\/wp\/v2\/product_cat?post=34302"},{"taxonomy":"product_tag","embeddable":true,"href":"https:\/\/farwell.ee\/en\/wp-json\/wp\/v2\/product_tag?post=34302"}],"curies":[{"name":"wp","href":"https:\/\/api.w.org\/{rel}","templated":true}]}}