{"id":34295,"date":"2025-05-30T10:15:04","date_gmt":"2025-05-30T07:15:04","guid":{"rendered":"https:\/\/farwell.ee\/toode\/termos-3l-pumbaga-3\/"},"modified":"2026-01-09T10:45:05","modified_gmt":"2026-01-09T08:45:05","slug":"termos-3l-pumbaga-3","status":"publish","type":"product","link":"https:\/\/farwell.ee\/en\/product\/termos-3l-pumbaga-3\/","title":{"rendered":"Termos 3L pumbaga"},"content":{"rendered":"","protected":false},"excerpt":{"rendered":"<p>Korpus ja siseseinad roostevabast terasest.<br \/>\nPol\u00fcprop\u00fcleenist kaas, mis avaneb 125 kraadini lihtsaks t\u00e4itmiseks ja puhastamiseks.<br \/>\nKangipumbaga kaas jookide h\u00f5lpsaks v\u00e4ljastamiseks.<br \/>\nTsingisulamist kangipump \u2013 v\u00e4ga vastupidav.<br \/>\nPol\u00fcprop\u00fcleenist p\u00f6\u00f6rleval alusel.<br \/>\nK\u00e4epide mugavaks kandmiseks.<br \/>\nMasinpesu ei ole lubatud !<\/p>","protected":false},"featured_media":34294,"template":"","meta":{"_acf_changed":false,"inline_featured_image":false},"product_brand":[],"product_cat":[182],"product_tag":[],"class_list":{"0":"post-34295","1":"product","2":"type-product","3":"status-publish","4":"has-post-thumbnail","6":"product_cat-termosed-ja-termoskannud","7":"pa_kaubamark-hendi","9":"first","10":"outofstock","11":"shipping-taxable","12":"purchasable","13":"product-type-simple"},"acf":[],"_links":{"self":[{"href":"https:\/\/farwell.ee\/en\/wp-json\/wp\/v2\/product\/34295","targetHints":{"allow":["GET"]}}],"collection":[{"href":"https:\/\/farwell.ee\/en\/wp-json\/wp\/v2\/product"}],"about":[{"href":"https:\/\/farwell.ee\/en\/wp-json\/wp\/v2\/types\/product"}],"wp:featuredmedia":[{"embeddable":true,"href":"https:\/\/farwell.ee\/en\/wp-json\/wp\/v2\/media\/34294"}],"wp:attachment":[{"href":"https:\/\/farwell.ee\/en\/wp-json\/wp\/v2\/media?parent=34295"}],"wp:term":[{"taxonomy":"product_brand","embeddable":true,"href":"https:\/\/farwell.ee\/en\/wp-json\/wp\/v2\/product_brand?post=34295"},{"taxonomy":"product_cat","embeddable":true,"href":"https:\/\/farwell.ee\/en\/wp-json\/wp\/v2\/product_cat?post=34295"},{"taxonomy":"product_tag","embeddable":true,"href":"https:\/\/farwell.ee\/en\/wp-json\/wp\/v2\/product_tag?post=34295"}],"curies":[{"name":"wp","href":"https:\/\/api.w.org\/{rel}","templated":true}]}}