{"id":34274,"date":"2025-05-29T13:45:03","date_gmt":"2025-05-29T10:45:03","guid":{"rendered":"https:\/\/farwell.ee\/toode\/blender-summit-14l-polukarbonaadist-kannuga-voimsus-1200w-2-kiirust\/"},"modified":"2026-01-16T14:00:08","modified_gmt":"2026-01-16T12:00:08","slug":"blender-summit-14l-polukarbonaadist-kannuga-voimsus-2600w-5-kiirust","status":"publish","type":"product","link":"https:\/\/farwell.ee\/en\/product\/blender-summit-14l-polukarbonaadist-kannuga-voimsus-2600w-5-kiirust\/","title":{"rendered":"Blender Summit 1,4L pol\u00fckarbonaadist kannuga, v\u00f5imsus 2600W, 5 kiirust"},"content":{"rendered":"","protected":false},"excerpt":{"rendered":"<p>PowerBlend tehnoloogia \u00fchendab endas v\u00f5imsa 2600W tippv\u00f5imsusega mootori ja spetsiaalselt konstrueeritud tugeva teraga mahuti, mis tagab kiire segamise ja kreemja konsistentsi.<br \/>\n\u00dclivaikne segamine t\u00e4iustatud Quiet Blend\u2122 tehnoloogiaga.<br \/>\n\u00dcks puudutus t\u00e4iusliku konsistentsi saavutamiseks 6 programmeeritava nupu, muudetava kiiruse ja pulsisagedusega.<br \/>\nAuto Blend abil intuitiivne mahtuvuslik puuteplaat.<br \/>\n1,4 L BPA-vaba kopol\u00fcester kann.<br \/>\nLihtsalt kasutatav Quiet Shield\u2122 helikorpus.<\/p>","protected":false},"featured_media":34281,"template":"","meta":{"_acf_changed":false,"inline_featured_image":false},"product_brand":[],"product_cat":[5651],"product_tag":[],"class_list":{"0":"post-34274","1":"product","2":"type-product","3":"status-publish","4":"has-post-thumbnail","6":"product_cat-blenderid","7":"pa_kaubamark-hamilton-beach","9":"first","10":"outofstock","11":"shipping-taxable","12":"purchasable","13":"product-type-simple"},"acf":[],"_links":{"self":[{"href":"https:\/\/farwell.ee\/en\/wp-json\/wp\/v2\/product\/34274","targetHints":{"allow":["GET"]}}],"collection":[{"href":"https:\/\/farwell.ee\/en\/wp-json\/wp\/v2\/product"}],"about":[{"href":"https:\/\/farwell.ee\/en\/wp-json\/wp\/v2\/types\/product"}],"wp:featuredmedia":[{"embeddable":true,"href":"https:\/\/farwell.ee\/en\/wp-json\/wp\/v2\/media\/34281"}],"wp:attachment":[{"href":"https:\/\/farwell.ee\/en\/wp-json\/wp\/v2\/media?parent=34274"}],"wp:term":[{"taxonomy":"product_brand","embeddable":true,"href":"https:\/\/farwell.ee\/en\/wp-json\/wp\/v2\/product_brand?post=34274"},{"taxonomy":"product_cat","embeddable":true,"href":"https:\/\/farwell.ee\/en\/wp-json\/wp\/v2\/product_cat?post=34274"},{"taxonomy":"product_tag","embeddable":true,"href":"https:\/\/farwell.ee\/en\/wp-json\/wp\/v2\/product_tag?post=34274"}],"curies":[{"name":"wp","href":"https:\/\/api.w.org\/{rel}","templated":true}]}}