{"id":34193,"date":"2025-05-23T13:30:03","date_gmt":"2025-05-23T10:30:03","guid":{"rendered":"https:\/\/farwell.ee\/toode\/vorstitangid-35cm-twistmaster\/"},"modified":"2025-07-01T15:15:09","modified_gmt":"2025-07-01T12:15:09","slug":"vorstitangid-35cm-twistmaster","status":"publish","type":"product","link":"https:\/\/farwell.ee\/en\/product\/vorstitangid-35cm-twistmaster\/","title":{"rendered":"Vorstitangid 35cm Twistmaster"},"content":{"rendered":"","protected":false},"excerpt":{"rendered":"<p>TwistMaster grilltangid muudavad vorstikeeramise kiireks ja l\u00f5busaks.<br \/>\nGrillipidude kuumimaks vestluse alustajaks on roostevabast terasest grilltangide otstele monteeritud rattad, mis v\u00f5imaldavad lihtsalt ja efektselt vorste v\u00f5i vardaid \u00fcmber keerata.<br \/>\nGrillitange saab pesta n\u00f5udepesumasinas.<\/p>","protected":false},"featured_media":34191,"template":"","meta":{"_acf_changed":false,"inline_featured_image":false},"product_brand":[],"product_cat":[8550],"product_tag":[],"class_list":{"0":"post-34193","1":"product","2":"type-product","3":"status-publish","4":"has-post-thumbnail","6":"product_cat-grillitarvikud","7":"pa_kaubamark-westmark","9":"first","10":"outofstock","11":"shipping-taxable","12":"purchasable","13":"product-type-simple"},"acf":[],"_links":{"self":[{"href":"https:\/\/farwell.ee\/en\/wp-json\/wp\/v2\/product\/34193","targetHints":{"allow":["GET"]}}],"collection":[{"href":"https:\/\/farwell.ee\/en\/wp-json\/wp\/v2\/product"}],"about":[{"href":"https:\/\/farwell.ee\/en\/wp-json\/wp\/v2\/types\/product"}],"wp:featuredmedia":[{"embeddable":true,"href":"https:\/\/farwell.ee\/en\/wp-json\/wp\/v2\/media\/34191"}],"wp:attachment":[{"href":"https:\/\/farwell.ee\/en\/wp-json\/wp\/v2\/media?parent=34193"}],"wp:term":[{"taxonomy":"product_brand","embeddable":true,"href":"https:\/\/farwell.ee\/en\/wp-json\/wp\/v2\/product_brand?post=34193"},{"taxonomy":"product_cat","embeddable":true,"href":"https:\/\/farwell.ee\/en\/wp-json\/wp\/v2\/product_cat?post=34193"},{"taxonomy":"product_tag","embeddable":true,"href":"https:\/\/farwell.ee\/en\/wp-json\/wp\/v2\/product_tag?post=34193"}],"curies":[{"name":"wp","href":"https:\/\/api.w.org\/{rel}","templated":true}]}}