{"id":34165,"date":"2025-05-23T11:00:04","date_gmt":"2025-05-23T08:00:04","guid":{"rendered":"https:\/\/farwell.ee\/toode\/toidukaru-10-le-kandikule-kandikute-moodud-38x515cm-ja-37x53cm-granite-gray-2\/"},"modified":"2026-01-16T12:15:06","modified_gmt":"2026-01-16T10:15:06","slug":"toidukaru-10-le-kandikule-kandikute-moodud-38x515cm-ja-37x53cm-granite-gray-2","status":"publish","type":"product","link":"https:\/\/farwell.ee\/en\/product\/toidukaru-10-le-kandikule-kandikute-moodud-38x515cm-ja-37x53cm-granite-gray-2\/","title":{"rendered":"Toiduk\u00e4ru 10-le kandikule, kandikute m\u00f5\u00f5dud 38&#215;51,5cm ja 37x53cm Granite Gray"},"content":{"rendered":"","protected":false},"excerpt":{"rendered":"<p>Suuremate ja tugevamate ratastega mudel &#8211; Heavy Duty.<br \/>\nSobilike kandikute m\u00f5\u00f5dud on 38 x 51,5cm v\u00f5i 37 x 53cm.<\/p>\n<p>Neutraalne madal toiduveok\u00e4ru ratastega.<br \/>\nV\u00e4lism\u00f5\u00f5dud 775 x 975 x 1105mm<br \/>\nSisem\u00f5\u00f5dud 537 x 787 x 667mm<br \/>\nKorpus monoliitsest pol\u00fcet\u00fcleenist, isoleermaterjal pol\u00fcuretaan.<br \/>\nIntegreeritud monoliitne tugev k\u00e4epide \u00fches otsas.<br \/>\nKerge ja iseventileeruv uks avaneb 270\u00b0.<br \/>\nRattad 15,2 x 5,1cm, millest kaks p\u00f6\u00f6ravat ja piduriga ning kaks j\u00e4ika.<br \/>\nSiinide arv: 5<br \/>\nSiinide vahe 13,3cm.<br \/>\nMahutab 10 kandikut m\u00f5\u00f5tudega 38 x 51,5cm v\u00f5i 37 x 53cm.<br \/>\nKaal 40,8 kg.<\/p>\n<p>Vastupidav korpus: ei murdu, roosteta, pragune ega purune.<\/p>","protected":false},"featured_media":34163,"template":"","meta":{"_acf_changed":false,"inline_featured_image":false},"product_brand":[],"product_cat":[11505],"product_tag":[11956,11955],"class_list":{"0":"post-34165","1":"product","2":"type-product","3":"status-publish","4":"has-post-thumbnail","6":"product_cat-toidutranspordi-karud","7":"product_tag-kandikukaru","8":"product_tag-kandikute-karu","9":"pa_kaubamark-cambro","11":"first","12":"outofstock","13":"shipping-taxable","14":"purchasable","15":"product-type-simple"},"acf":[],"_links":{"self":[{"href":"https:\/\/farwell.ee\/en\/wp-json\/wp\/v2\/product\/34165","targetHints":{"allow":["GET"]}}],"collection":[{"href":"https:\/\/farwell.ee\/en\/wp-json\/wp\/v2\/product"}],"about":[{"href":"https:\/\/farwell.ee\/en\/wp-json\/wp\/v2\/types\/product"}],"wp:featuredmedia":[{"embeddable":true,"href":"https:\/\/farwell.ee\/en\/wp-json\/wp\/v2\/media\/34163"}],"wp:attachment":[{"href":"https:\/\/farwell.ee\/en\/wp-json\/wp\/v2\/media?parent=34165"}],"wp:term":[{"taxonomy":"product_brand","embeddable":true,"href":"https:\/\/farwell.ee\/en\/wp-json\/wp\/v2\/product_brand?post=34165"},{"taxonomy":"product_cat","embeddable":true,"href":"https:\/\/farwell.ee\/en\/wp-json\/wp\/v2\/product_cat?post=34165"},{"taxonomy":"product_tag","embeddable":true,"href":"https:\/\/farwell.ee\/en\/wp-json\/wp\/v2\/product_tag?post=34165"}],"curies":[{"name":"wp","href":"https:\/\/api.w.org\/{rel}","templated":true}]}}