{"id":34133,"date":"2025-05-21T19:00:03","date_gmt":"2025-05-21T16:00:03","guid":{"rendered":"https:\/\/farwell.ee\/toode\/toidukaru-30-le-kandikule-3-sektsiooniga-2\/"},"modified":"2026-01-16T12:15:07","modified_gmt":"2026-01-16T10:15:07","slug":"toidukaru-30-le-kandikule-3-sektsiooniga-2","status":"publish","type":"product","link":"https:\/\/farwell.ee\/en\/product\/toidukaru-30-le-kandikule-3-sektsiooniga-2\/","title":{"rendered":"Toiduk\u00e4ru 30-le kandikule 38&#215;51,5cm, 3-sektsiooniga"},"content":{"rendered":"","protected":false},"excerpt":{"rendered":"<p>Sobiliku kandiku m\u00f5\u00f5t on 38 x 51,5cm.<\/p>\n<p>Neutraalne k\u00f5rge toiduveok\u00e4ru ratastega.<br \/>\nV\u00e4lism\u00f5\u00f5dud 743 x 1524 x 1616mm<br \/>\nSisem\u00f5\u00f5dud 390 x 533 x 1270mm<br \/>\nKorpus monoliitsest pol\u00fcet\u00fcleenist, isoleermaterjal pol\u00fcuretaan.<br \/>\nIntegreeritud k\u00e4epidemed.<br \/>\nIgal uksel on \u00fcleval servas roostevabast terasest sulgemisriiv.<br \/>\nKerged ja iseventileeruvad v\u00e4limised uksed avanevad 270\u00b0.<br \/>\nRattad 15,2cm, millest neli p\u00f6\u00f6ravat ja piduriga ning kaks j\u00e4ika.<br \/>\nSiinide arv \u00fches sektsioonis: 10<br \/>\nSiinide vahe 12,7cm.<br \/>\nMahutab 30 kandikut m\u00f5\u00f5tudega 38&#215;51,5cm.<br \/>\n\u00dcks sektsioon mahutab 10 kandikut.<br \/>\nV\u00f5imalik tellida erinevat v\u00e4rvi toiduk\u00e4rusid: n\u00e4iteks pruunikas, roheline, hallikas-sinine, graniithall jne.<br \/>\nKaal 95,25 kg.<\/p>\n<p>Vastupidav korpus: ei murdu, roosteta, pragune ega purune.<br \/>\nMonoliitsed tugevad k\u00e4epidemed kahes otsas lihtsustavad kasutamist.<\/p>","protected":false},"featured_media":34138,"template":"","meta":{"_acf_changed":false,"inline_featured_image":false},"product_brand":[],"product_cat":[11505],"product_tag":[11956,11955],"class_list":{"0":"post-34133","1":"product","2":"type-product","3":"status-publish","4":"has-post-thumbnail","6":"product_cat-toidutranspordi-karud","7":"product_tag-kandikukaru","8":"product_tag-kandikute-karu","9":"pa_kaubamark-cambro","11":"first","12":"outofstock","13":"shipping-taxable","14":"purchasable","15":"product-type-simple"},"acf":[],"_links":{"self":[{"href":"https:\/\/farwell.ee\/en\/wp-json\/wp\/v2\/product\/34133","targetHints":{"allow":["GET"]}}],"collection":[{"href":"https:\/\/farwell.ee\/en\/wp-json\/wp\/v2\/product"}],"about":[{"href":"https:\/\/farwell.ee\/en\/wp-json\/wp\/v2\/types\/product"}],"wp:featuredmedia":[{"embeddable":true,"href":"https:\/\/farwell.ee\/en\/wp-json\/wp\/v2\/media\/34138"}],"wp:attachment":[{"href":"https:\/\/farwell.ee\/en\/wp-json\/wp\/v2\/media?parent=34133"}],"wp:term":[{"taxonomy":"product_brand","embeddable":true,"href":"https:\/\/farwell.ee\/en\/wp-json\/wp\/v2\/product_brand?post=34133"},{"taxonomy":"product_cat","embeddable":true,"href":"https:\/\/farwell.ee\/en\/wp-json\/wp\/v2\/product_cat?post=34133"},{"taxonomy":"product_tag","embeddable":true,"href":"https:\/\/farwell.ee\/en\/wp-json\/wp\/v2\/product_tag?post=34133"}],"curies":[{"name":"wp","href":"https:\/\/api.w.org\/{rel}","templated":true}]}}