{"id":34120,"date":"2025-05-21T11:20:23","date_gmt":"2025-05-21T08:20:23","guid":{"rendered":"https:\/\/farwell.ee\/toode\/sailitusnou-75l-kaaneta-kaepidemetega-hdpe\/"},"modified":"2026-03-05T16:30:04","modified_gmt":"2026-03-05T14:30:04","slug":"sailitusnou-75l-kaaneta-kaepidemetega-hdpe","status":"publish","type":"product","link":"https:\/\/farwell.ee\/en\/product\/sailitusnou-75l-kaaneta-kaepidemetega-hdpe\/","title":{"rendered":"S\u00e4ilitusn\u00f5u 75L kaaneta, k\u00e4epidemetega HDPE"},"content":{"rendered":"","protected":false},"excerpt":{"rendered":"","protected":false},"featured_media":34119,"template":"","meta":{"_acf_changed":false,"inline_featured_image":false},"product_brand":[],"product_cat":[5674],"product_tag":[11503,11504],"class_list":{"0":"post-34120","1":"product","2":"type-product","3":"status-publish","4":"has-post-thumbnail","6":"product_cat-sailitus-ja-transpordikastid","7":"product_tag-konteiner","8":"product_tag-toidukonteiner","9":"pa_kaubamark-paderno","11":"first","12":"outofstock","13":"shipping-taxable","14":"purchasable","15":"product-type-simple"},"acf":[],"_links":{"self":[{"href":"https:\/\/farwell.ee\/en\/wp-json\/wp\/v2\/product\/34120","targetHints":{"allow":["GET"]}}],"collection":[{"href":"https:\/\/farwell.ee\/en\/wp-json\/wp\/v2\/product"}],"about":[{"href":"https:\/\/farwell.ee\/en\/wp-json\/wp\/v2\/types\/product"}],"wp:featuredmedia":[{"embeddable":true,"href":"https:\/\/farwell.ee\/en\/wp-json\/wp\/v2\/media\/34119"}],"wp:attachment":[{"href":"https:\/\/farwell.ee\/en\/wp-json\/wp\/v2\/media?parent=34120"}],"wp:term":[{"taxonomy":"product_brand","embeddable":true,"href":"https:\/\/farwell.ee\/en\/wp-json\/wp\/v2\/product_brand?post=34120"},{"taxonomy":"product_cat","embeddable":true,"href":"https:\/\/farwell.ee\/en\/wp-json\/wp\/v2\/product_cat?post=34120"},{"taxonomy":"product_tag","embeddable":true,"href":"https:\/\/farwell.ee\/en\/wp-json\/wp\/v2\/product_tag?post=34120"}],"curies":[{"name":"wp","href":"https:\/\/api.w.org\/{rel}","templated":true}]}}