{"id":34075,"date":"2025-05-16T14:45:04","date_gmt":"2025-05-16T11:45:04","guid":{"rendered":"https:\/\/farwell.ee\/toode\/martinipokaal-26cl-son-hyx-pliivaba-kristall-6tk\/"},"modified":"2026-03-03T11:30:06","modified_gmt":"2026-03-03T09:30:06","slug":"martinipokaal-26cl-son-hyx-pliivaba-kristall-6tk","status":"publish","type":"product","link":"https:\/\/farwell.ee\/en\/product\/martinipokaal-26cl-son-hyx-pliivaba-kristall-6tk\/","title":{"rendered":"Martinipokaal 26cl SON.hyx pliivaba kristall 6tk"},"content":{"rendered":"","protected":false},"excerpt":{"rendered":"<p>SON.hyx\u00ae \u2013 k\u00f5rgtehnoloogiline puhutud pliivaba kristallklaas, purunemiskindel ja n\u00f5udepesumasinas pestav.<br \/>\nErakordselt s\u00e4rav, vastupidav ja h\u00e4gustumiskindel materjal, mis tagab kauakestva kirkuse.<br \/>\nTitaaniga tugevdatud \u2013 p\u00fcsiv kulumisvastane t\u00f6\u00f6tlus, mis kantakse otse klaasi jalale, et suurendada purunemiskindlust.<br \/>\nPeen, tugevdatud ja laseriga l\u00f5igatud serv.<br \/>\nUuenduslik, elegantne ja funktsionaalne disain.<br \/>\nT\u00f5mbemeetodiga valmistatud pokaalijalal ei ole vormist tekkivaid \u00f5mblusi.<br \/>\nPokaali lame jalg tagab parema stabiilsuse.<br \/>\nValmistatud Itaalias.<\/p>","protected":false},"featured_media":34074,"template":"","meta":{"_acf_changed":false,"inline_featured_image":false},"product_brand":[],"product_cat":[134],"product_tag":[],"class_list":{"0":"post-34075","1":"product","2":"type-product","3":"status-publish","4":"has-post-thumbnail","6":"product_cat-kokteiliklaasid","7":"pa_kaubamark-bormioli-luigi","9":"first","10":"instock","11":"shipping-taxable","12":"purchasable","13":"product-type-simple"},"acf":[],"_links":{"self":[{"href":"https:\/\/farwell.ee\/en\/wp-json\/wp\/v2\/product\/34075","targetHints":{"allow":["GET"]}}],"collection":[{"href":"https:\/\/farwell.ee\/en\/wp-json\/wp\/v2\/product"}],"about":[{"href":"https:\/\/farwell.ee\/en\/wp-json\/wp\/v2\/types\/product"}],"wp:featuredmedia":[{"embeddable":true,"href":"https:\/\/farwell.ee\/en\/wp-json\/wp\/v2\/media\/34074"}],"wp:attachment":[{"href":"https:\/\/farwell.ee\/en\/wp-json\/wp\/v2\/media?parent=34075"}],"wp:term":[{"taxonomy":"product_brand","embeddable":true,"href":"https:\/\/farwell.ee\/en\/wp-json\/wp\/v2\/product_brand?post=34075"},{"taxonomy":"product_cat","embeddable":true,"href":"https:\/\/farwell.ee\/en\/wp-json\/wp\/v2\/product_cat?post=34075"},{"taxonomy":"product_tag","embeddable":true,"href":"https:\/\/farwell.ee\/en\/wp-json\/wp\/v2\/product_tag?post=34075"}],"curies":[{"name":"wp","href":"https:\/\/api.w.org\/{rel}","templated":true}]}}