{"id":33884,"date":"2025-05-12T12:15:04","date_gmt":"2025-05-12T09:15:04","guid":{"rendered":"https:\/\/farwell.ee\/toode\/soogiriistade-konteiner-13l-serveerimiskarule-11944\/"},"modified":"2026-04-13T10:45:05","modified_gmt":"2026-04-13T07:45:05","slug":"soogiriistade-konteiner-13l-serveerimiskarule-11944","status":"publish","type":"product","link":"https:\/\/farwell.ee\/en\/product\/soogiriistade-konteiner-13l-serveerimiskarule-11944\/","title":{"rendered":"S\u00f6\u00f6giriistade konteiner 13L serveerimisk\u00e4rule 11944"},"content":{"rendered":"","protected":false},"excerpt":{"rendered":"<p>Sobib serveerimisk\u00e4rule koodiga 11944.<\/p>","protected":false},"featured_media":33883,"template":"","meta":{"_acf_changed":false,"inline_featured_image":false},"product_brand":[],"product_cat":[6321],"product_tag":[],"class_list":{"0":"post-33884","1":"product","2":"type-product","3":"status-publish","4":"has-post-thumbnail","6":"product_cat-serveerimiskarud-ja-lauad","7":"pa_kaubamark-aps","9":"first","10":"outofstock","11":"shipping-taxable","12":"purchasable","13":"product-type-simple"},"acf":[],"_links":{"self":[{"href":"https:\/\/farwell.ee\/en\/wp-json\/wp\/v2\/product\/33884","targetHints":{"allow":["GET"]}}],"collection":[{"href":"https:\/\/farwell.ee\/en\/wp-json\/wp\/v2\/product"}],"about":[{"href":"https:\/\/farwell.ee\/en\/wp-json\/wp\/v2\/types\/product"}],"wp:featuredmedia":[{"embeddable":true,"href":"https:\/\/farwell.ee\/en\/wp-json\/wp\/v2\/media\/33883"}],"wp:attachment":[{"href":"https:\/\/farwell.ee\/en\/wp-json\/wp\/v2\/media?parent=33884"}],"wp:term":[{"taxonomy":"product_brand","embeddable":true,"href":"https:\/\/farwell.ee\/en\/wp-json\/wp\/v2\/product_brand?post=33884"},{"taxonomy":"product_cat","embeddable":true,"href":"https:\/\/farwell.ee\/en\/wp-json\/wp\/v2\/product_cat?post=33884"},{"taxonomy":"product_tag","embeddable":true,"href":"https:\/\/farwell.ee\/en\/wp-json\/wp\/v2\/product_tag?post=33884"}],"curies":[{"name":"wp","href":"https:\/\/api.w.org\/{rel}","templated":true}]}}