{"id":33733,"date":"2025-05-06T08:15:03","date_gmt":"2025-05-06T05:15:03","guid":{"rendered":"https:\/\/farwell.ee\/toode\/serveerismiskaru-3-tasapinnaga-moodud-108x50cm\/"},"modified":"2026-04-06T10:45:05","modified_gmt":"2026-04-06T07:45:05","slug":"serveerismiskaru-3-tasapinnaga-moodud-108x50cm","status":"publish","type":"product","link":"https:\/\/farwell.ee\/en\/product\/serveerismiskaru-3-tasapinnaga-moodud-108x50cm\/","title":{"rendered":"Serveerismisk\u00e4ru 3-tasapinnaga, m\u00f5\u00f5dud 108x50x96cm"},"content":{"rendered":"","protected":false},"excerpt":{"rendered":"<p>Raam alumiiniumist, 3-tasapinnaga.<br \/>\nTasapindadne vaheline kaugus 310mm.<br \/>\n4 p\u00f6\u00f6rlevat ratast, k\u00f5ik piduritega.<br \/>\nMaksimaalne koormus tasapinna kohta 50 kg.<br \/>\nMaksimaalne kandev\u00f5ime 150 kg.<br \/>\nKokkupandav.<\/p>","protected":false},"featured_media":33732,"template":"","meta":{"_acf_changed":false,"inline_featured_image":false},"product_brand":[],"product_cat":[6321],"product_tag":[],"class_list":{"0":"post-33733","1":"product","2":"type-product","3":"status-publish","4":"has-post-thumbnail","6":"product_cat-serveerimiskarud-ja-lauad","7":"pa_kaubamark-aps","9":"first","10":"outofstock","11":"shipping-taxable","12":"purchasable","13":"product-type-simple"},"acf":[],"_links":{"self":[{"href":"https:\/\/farwell.ee\/en\/wp-json\/wp\/v2\/product\/33733","targetHints":{"allow":["GET"]}}],"collection":[{"href":"https:\/\/farwell.ee\/en\/wp-json\/wp\/v2\/product"}],"about":[{"href":"https:\/\/farwell.ee\/en\/wp-json\/wp\/v2\/types\/product"}],"wp:featuredmedia":[{"embeddable":true,"href":"https:\/\/farwell.ee\/en\/wp-json\/wp\/v2\/media\/33732"}],"wp:attachment":[{"href":"https:\/\/farwell.ee\/en\/wp-json\/wp\/v2\/media?parent=33733"}],"wp:term":[{"taxonomy":"product_brand","embeddable":true,"href":"https:\/\/farwell.ee\/en\/wp-json\/wp\/v2\/product_brand?post=33733"},{"taxonomy":"product_cat","embeddable":true,"href":"https:\/\/farwell.ee\/en\/wp-json\/wp\/v2\/product_cat?post=33733"},{"taxonomy":"product_tag","embeddable":true,"href":"https:\/\/farwell.ee\/en\/wp-json\/wp\/v2\/product_tag?post=33733"}],"curies":[{"name":"wp","href":"https:\/\/api.w.org\/{rel}","templated":true}]}}