{"id":33564,"date":"2025-04-24T11:30:04","date_gmt":"2025-04-24T08:30:04","guid":{"rendered":"https:\/\/farwell.ee\/toode\/jaanou-6l-must\/"},"modified":"2026-04-20T17:00:14","modified_gmt":"2026-04-20T14:00:14","slug":"jaanou-6l-must","status":"publish","type":"product","link":"https:\/\/farwell.ee\/en\/product\/jaanou-6l-must\/","title":{"rendered":"J\u00e4\u00e4n\u00f5u 6L must"},"content":{"rendered":"","protected":false},"excerpt":{"rendered":"<p>Mahutab umbes 300 j\u00e4\u00e4kuubikut.<br \/>\nMasinpesu ei ole lubatud !<\/p>","protected":false},"featured_media":33625,"template":"","meta":{"_acf_changed":false,"inline_featured_image":false},"product_brand":[],"product_cat":[126],"product_tag":[],"class_list":{"0":"post-33564","1":"product","2":"type-product","3":"status-publish","4":"has-post-thumbnail","6":"product_cat-jaanoud","7":"pa_kaubamark-aps","9":"first","10":"outofstock","11":"shipping-taxable","12":"purchasable","13":"product-type-simple"},"acf":[],"_links":{"self":[{"href":"https:\/\/farwell.ee\/en\/wp-json\/wp\/v2\/product\/33564","targetHints":{"allow":["GET"]}}],"collection":[{"href":"https:\/\/farwell.ee\/en\/wp-json\/wp\/v2\/product"}],"about":[{"href":"https:\/\/farwell.ee\/en\/wp-json\/wp\/v2\/types\/product"}],"wp:featuredmedia":[{"embeddable":true,"href":"https:\/\/farwell.ee\/en\/wp-json\/wp\/v2\/media\/33625"}],"wp:attachment":[{"href":"https:\/\/farwell.ee\/en\/wp-json\/wp\/v2\/media?parent=33564"}],"wp:term":[{"taxonomy":"product_brand","embeddable":true,"href":"https:\/\/farwell.ee\/en\/wp-json\/wp\/v2\/product_brand?post=33564"},{"taxonomy":"product_cat","embeddable":true,"href":"https:\/\/farwell.ee\/en\/wp-json\/wp\/v2\/product_cat?post=33564"},{"taxonomy":"product_tag","embeddable":true,"href":"https:\/\/farwell.ee\/en\/wp-json\/wp\/v2\/product_tag?post=33564"}],"curies":[{"name":"wp","href":"https:\/\/api.w.org\/{rel}","templated":true}]}}