{"id":33542,"date":"2025-04-23T08:30:03","date_gmt":"2025-04-23T05:30:03","guid":{"rendered":"https:\/\/farwell.ee\/toode\/jahusoel-34cm-tiheda-vorguga\/"},"modified":"2026-03-05T16:00:13","modified_gmt":"2026-03-05T14:00:13","slug":"jahusoel-34cm-tiheda-vorguga","status":"publish","type":"product","link":"https:\/\/farwell.ee\/en\/product\/jahusoel-34cm-tiheda-vorguga\/","title":{"rendered":"Jahus\u00f5el 34cm tiheda v\u00f5rguga"},"content":{"rendered":"","protected":false},"excerpt":{"rendered":"<p>Tiheda v\u00f5rguga jahus\u00f5el &#8211;\u00a0 20 silma 2,5<span class=\"Latn\">cm\u00b2-l.<\/span><\/p>","protected":false},"featured_media":33541,"template":"","meta":{"_acf_changed":false,"inline_featured_image":false},"product_brand":[],"product_cat":[174],"product_tag":[6108,6112,6120,6164],"class_list":{"0":"post-33542","1":"product","2":"type-product","3":"status-publish","4":"has-post-thumbnail","6":"product_cat-soelad-ja-salatikuivatajad","7":"product_tag-hiina-kolander","8":"product_tag-kastmesoel","9":"product_tag-koonussoel","10":"product_tag-vorksoel","11":"pa_kaubamark-paderno","13":"first","14":"outofstock","15":"shipping-taxable","16":"purchasable","17":"product-type-simple"},"acf":[],"_links":{"self":[{"href":"https:\/\/farwell.ee\/en\/wp-json\/wp\/v2\/product\/33542","targetHints":{"allow":["GET"]}}],"collection":[{"href":"https:\/\/farwell.ee\/en\/wp-json\/wp\/v2\/product"}],"about":[{"href":"https:\/\/farwell.ee\/en\/wp-json\/wp\/v2\/types\/product"}],"wp:featuredmedia":[{"embeddable":true,"href":"https:\/\/farwell.ee\/en\/wp-json\/wp\/v2\/media\/33541"}],"wp:attachment":[{"href":"https:\/\/farwell.ee\/en\/wp-json\/wp\/v2\/media?parent=33542"}],"wp:term":[{"taxonomy":"product_brand","embeddable":true,"href":"https:\/\/farwell.ee\/en\/wp-json\/wp\/v2\/product_brand?post=33542"},{"taxonomy":"product_cat","embeddable":true,"href":"https:\/\/farwell.ee\/en\/wp-json\/wp\/v2\/product_cat?post=33542"},{"taxonomy":"product_tag","embeddable":true,"href":"https:\/\/farwell.ee\/en\/wp-json\/wp\/v2\/product_tag?post=33542"}],"curies":[{"name":"wp","href":"https:\/\/api.w.org\/{rel}","templated":true}]}}