{"id":33293,"date":"2025-04-09T15:15:04","date_gmt":"2025-04-09T12:15:04","guid":{"rendered":"https:\/\/farwell.ee\/toode\/kutsungisusteem-ehk-helistamissusteem-10-piipariga\/"},"modified":"2025-12-02T10:45:04","modified_gmt":"2025-12-02T08:45:04","slug":"kutsungisusteem-ehk-helistamissusteem-10-piipariga","status":"publish","type":"product","link":"https:\/\/farwell.ee\/en\/product\/kutsungisusteem-ehk-helistamissusteem-10-piipariga\/","title":{"rendered":"Kutsungis\u00fcsteem ehk helistamiss\u00fcsteem 10-piipariga"},"content":{"rendered":"","protected":false},"excerpt":{"rendered":"<p>Digitaalsed n\u00e4idikud kutsungitel tellimuse\/tabeli numbri m\u00e4rkimiseks (programmeeritavad numbrid 001 kuni 998).<br \/>\nPuutetundliku klaviatuuriga kontroller.<br \/>\nKontrolleri sisseehitatud antenn, mis tagab, et signaal ei h\u00e4iri teisi seadmeid.<br \/>\n3 teavitamisre\u017eiimi: vibratsioon, heli, LED-valgus.<br \/>\nTeatamisre\u017eiimide kombineerimine \u2013 k\u00f5ik l\u00fclitatakse v\u00e4lja \u00fche kl\u00f5psuga.<br \/>\nRuumis\u00e4\u00e4stlik laadimine: kutsungid on laadija peale paigutatud.<br \/>\nLeviala: 500 m.<br \/>\nPiipari m\u00f5\u00f5tmed: 65x65x15 mm.<br \/>\nMaksimaalselt 1 kontrollerisse programmeeritavad kutsungid: 998.<br \/>\nKomplekti kuuluvad: kontroller, 10 piiparit, laadimisjaam, laadija.<br \/>\nPiipareid m\u00fc\u00fcakse ka eraldi \u2013 10 tk (tootekood: 201640).<\/p>","protected":false},"featured_media":33292,"template":"","meta":{"_acf_changed":false,"inline_featured_image":false},"product_brand":[],"product_cat":[145],"product_tag":[],"class_list":{"0":"post-33293","1":"product","2":"type-product","3":"status-publish","4":"has-post-thumbnail","6":"product_cat-lisatarvikud","7":"pa_kaubamark-hendi","9":"first","10":"outofstock","11":"shipping-taxable","12":"purchasable","13":"product-type-simple"},"acf":[],"_links":{"self":[{"href":"https:\/\/farwell.ee\/en\/wp-json\/wp\/v2\/product\/33293","targetHints":{"allow":["GET"]}}],"collection":[{"href":"https:\/\/farwell.ee\/en\/wp-json\/wp\/v2\/product"}],"about":[{"href":"https:\/\/farwell.ee\/en\/wp-json\/wp\/v2\/types\/product"}],"wp:featuredmedia":[{"embeddable":true,"href":"https:\/\/farwell.ee\/en\/wp-json\/wp\/v2\/media\/33292"}],"wp:attachment":[{"href":"https:\/\/farwell.ee\/en\/wp-json\/wp\/v2\/media?parent=33293"}],"wp:term":[{"taxonomy":"product_brand","embeddable":true,"href":"https:\/\/farwell.ee\/en\/wp-json\/wp\/v2\/product_brand?post=33293"},{"taxonomy":"product_cat","embeddable":true,"href":"https:\/\/farwell.ee\/en\/wp-json\/wp\/v2\/product_cat?post=33293"},{"taxonomy":"product_tag","embeddable":true,"href":"https:\/\/farwell.ee\/en\/wp-json\/wp\/v2\/product_tag?post=33293"}],"curies":[{"name":"wp","href":"https:\/\/api.w.org\/{rel}","templated":true}]}}