{"id":33219,"date":"2025-04-04T13:15:03","date_gmt":"2025-04-04T10:15:03","guid":{"rendered":"https:\/\/farwell.ee\/toode\/termokast-gn-1-2-15cm-maht-169l-epp-vahtplast-2\/"},"modified":"2026-01-16T12:30:06","modified_gmt":"2026-01-16T10:30:06","slug":"termokast-gn-1-2-15cm-maht-169l-epp-vahtplast-2","status":"publish","type":"product","link":"https:\/\/farwell.ee\/en\/product\/termokast-gn-1-2-15cm-maht-169l-epp-vahtplast-2\/","title":{"rendered":"Termokast GN 1\/2 19cm, maht 16,9L EPP vahtplast"},"content":{"rendered":"","protected":false},"excerpt":{"rendered":"<p>EPP-vahtplastist.<br \/>\nV\u00e4lism\u00f5\u00f5dud 390x330x257mm.<br \/>\nSisem\u00f5\u00f5dud 330x270x193mm.<br \/>\nMahutavus\u00a0 1 x GN 1\/2-150.<br \/>\nMaht 16,9L.<br \/>\nKaal 0,62 kg.<br \/>\nTemperatuuritaluvus -40\u00b0 kuni +120\u00b0 C.<br \/>\nN\u00f5udepesumasinas pestav.<br \/>\nHea soojusisolatsioon.<br \/>\nTaaskasutatav materjal.<br \/>\nLisavarustuses saadaval sooja-, k\u00fclmaplaadid ja markeerimissildid.<\/p>","protected":false},"featured_media":33220,"template":"","meta":{"_acf_changed":false,"inline_featured_image":false},"product_brand":[],"product_cat":[5554],"product_tag":[],"class_list":{"0":"post-33219","1":"product","2":"type-product","3":"status-publish","4":"has-post-thumbnail","6":"product_cat-termokastid-ja-termokapid","7":"pa_kaubamark-cambro","9":"first","10":"outofstock","11":"shipping-taxable","12":"purchasable","13":"product-type-simple"},"acf":[],"_links":{"self":[{"href":"https:\/\/farwell.ee\/en\/wp-json\/wp\/v2\/product\/33219","targetHints":{"allow":["GET"]}}],"collection":[{"href":"https:\/\/farwell.ee\/en\/wp-json\/wp\/v2\/product"}],"about":[{"href":"https:\/\/farwell.ee\/en\/wp-json\/wp\/v2\/types\/product"}],"wp:featuredmedia":[{"embeddable":true,"href":"https:\/\/farwell.ee\/en\/wp-json\/wp\/v2\/media\/33220"}],"wp:attachment":[{"href":"https:\/\/farwell.ee\/en\/wp-json\/wp\/v2\/media?parent=33219"}],"wp:term":[{"taxonomy":"product_brand","embeddable":true,"href":"https:\/\/farwell.ee\/en\/wp-json\/wp\/v2\/product_brand?post=33219"},{"taxonomy":"product_cat","embeddable":true,"href":"https:\/\/farwell.ee\/en\/wp-json\/wp\/v2\/product_cat?post=33219"},{"taxonomy":"product_tag","embeddable":true,"href":"https:\/\/farwell.ee\/en\/wp-json\/wp\/v2\/product_tag?post=33219"}],"curies":[{"name":"wp","href":"https:\/\/api.w.org\/{rel}","templated":true}]}}