{"id":33199,"date":"2025-04-03T08:45:04","date_gmt":"2025-04-03T05:45:04","guid":{"rendered":"https:\/\/farwell.ee\/toode\/marmiit-6l-ummargune-klaasaknaga-kaas-globe-o385cm\/"},"modified":"2026-03-03T09:30:07","modified_gmt":"2026-03-03T07:30:07","slug":"marmiit-6l-ummargune-klaasaknaga-kaas-globe-o385cm","status":"publish","type":"product","link":"https:\/\/farwell.ee\/en\/product\/marmiit-6l-ummargune-klaasaknaga-kaas-globe-o385cm\/","title":{"rendered":"Marmiit 6L \u00fcmmargune, klaasaknaga kaas Globe, \u00d838,5cm"},"content":{"rendered":"","protected":false},"excerpt":{"rendered":"<p>H\u00fcdraulilise kaanega.<br \/>\nSobilik induktsioonplaat k\u00fcttekeha on koodiga 12295.<\/p>","protected":false},"featured_media":33200,"template":"","meta":{"_acf_changed":false,"inline_featured_image":false},"product_brand":[],"product_cat":[147],"product_tag":[],"class_list":{"0":"post-33199","1":"product","2":"type-product","3":"status-publish","4":"has-post-thumbnail","6":"product_cat-marmiidid","7":"pa_kaubamark-aps","9":"first","10":"outofstock","11":"shipping-taxable","12":"purchasable","13":"product-type-simple"},"acf":[],"_links":{"self":[{"href":"https:\/\/farwell.ee\/en\/wp-json\/wp\/v2\/product\/33199","targetHints":{"allow":["GET"]}}],"collection":[{"href":"https:\/\/farwell.ee\/en\/wp-json\/wp\/v2\/product"}],"about":[{"href":"https:\/\/farwell.ee\/en\/wp-json\/wp\/v2\/types\/product"}],"wp:featuredmedia":[{"embeddable":true,"href":"https:\/\/farwell.ee\/en\/wp-json\/wp\/v2\/media\/33200"}],"wp:attachment":[{"href":"https:\/\/farwell.ee\/en\/wp-json\/wp\/v2\/media?parent=33199"}],"wp:term":[{"taxonomy":"product_brand","embeddable":true,"href":"https:\/\/farwell.ee\/en\/wp-json\/wp\/v2\/product_brand?post=33199"},{"taxonomy":"product_cat","embeddable":true,"href":"https:\/\/farwell.ee\/en\/wp-json\/wp\/v2\/product_cat?post=33199"},{"taxonomy":"product_tag","embeddable":true,"href":"https:\/\/farwell.ee\/en\/wp-json\/wp\/v2\/product_tag?post=33199"}],"curies":[{"name":"wp","href":"https:\/\/api.w.org\/{rel}","templated":true}]}}