{"id":33138,"date":"2025-03-28T15:30:04","date_gmt":"2025-03-28T13:30:04","guid":{"rendered":"https:\/\/farwell.ee\/toode\/taldrik-21cm-blackstone-elevated-coupe\/"},"modified":"2026-01-22T16:45:10","modified_gmt":"2026-01-22T14:45:10","slug":"taldrik-21cm-blackstone-elevated-coupe","status":"publish","type":"product","link":"https:\/\/farwell.ee\/en\/product\/taldrik-21cm-blackstone-elevated-coupe\/","title":{"rendered":"Taldrik 21cm Blackstone Elevated Coupe"},"content":{"rendered":"","protected":false},"excerpt":{"rendered":"<p>Cosy&amp;Trendy uusim Blackstone sari on valmistatud tugevdatud portselanist ja sobib seet\u00f5ttu v\u00e4ga h\u00e4sti professionaalseks kasutamiseks. Kivikeraamika v\u00e4limuse ja portselani kvaliteediga ideaalne taldrik n\u00f5udlikule kasutajale.<br \/>\nMust kattekiht on kriimustuskindel.<br \/>\nLisaks on taldrik ahju- ja mikrolainekindel ja n\u00f5udepesumasinas pestav.<\/p>","protected":false},"featured_media":33153,"template":"","meta":{"_acf_changed":false,"inline_featured_image":false},"product_brand":[],"product_cat":[176],"product_tag":[],"class_list":{"0":"post-33138","1":"product","2":"type-product","3":"status-publish","4":"has-post-thumbnail","6":"product_cat-taldrikud","7":"pa_kaubamark-cosytrendy","9":"first","10":"instock","11":"shipping-taxable","12":"purchasable","13":"product-type-simple"},"acf":[],"_links":{"self":[{"href":"https:\/\/farwell.ee\/en\/wp-json\/wp\/v2\/product\/33138","targetHints":{"allow":["GET"]}}],"collection":[{"href":"https:\/\/farwell.ee\/en\/wp-json\/wp\/v2\/product"}],"about":[{"href":"https:\/\/farwell.ee\/en\/wp-json\/wp\/v2\/types\/product"}],"wp:featuredmedia":[{"embeddable":true,"href":"https:\/\/farwell.ee\/en\/wp-json\/wp\/v2\/media\/33153"}],"wp:attachment":[{"href":"https:\/\/farwell.ee\/en\/wp-json\/wp\/v2\/media?parent=33138"}],"wp:term":[{"taxonomy":"product_brand","embeddable":true,"href":"https:\/\/farwell.ee\/en\/wp-json\/wp\/v2\/product_brand?post=33138"},{"taxonomy":"product_cat","embeddable":true,"href":"https:\/\/farwell.ee\/en\/wp-json\/wp\/v2\/product_cat?post=33138"},{"taxonomy":"product_tag","embeddable":true,"href":"https:\/\/farwell.ee\/en\/wp-json\/wp\/v2\/product_tag?post=33138"}],"curies":[{"name":"wp","href":"https:\/\/api.w.org\/{rel}","templated":true}]}}