{"id":32892,"date":"2025-03-19T15:45:03","date_gmt":"2025-03-19T13:45:03","guid":{"rendered":"https:\/\/farwell.ee\/toode\/riiv-kitsas-laasturiiv-truhvel-shokolaad-kovad-juustud\/"},"modified":"2025-07-01T12:00:07","modified_gmt":"2025-07-01T09:00:07","slug":"riiv-kitsas-laasturiiv-truhvel-shokolaad-kovad-juustud","status":"publish","type":"product","link":"https:\/\/farwell.ee\/en\/product\/riiv-kitsas-laasturiiv-truhvel-shokolaad-kovad-juustud\/","title":{"rendered":"Riiv lai, laasturiiv (tr\u00fchvel, shokolaad, k\u00f5vad juustud)"},"content":{"rendered":"","protected":false},"excerpt":{"rendered":"<p>L\u00f5iketera laius 22mm.<\/p>","protected":false},"featured_media":32891,"template":"","meta":{"_acf_changed":false,"inline_featured_image":false},"product_brand":[],"product_cat":[163],"product_tag":[],"class_list":{"0":"post-32892","1":"product","2":"type-product","3":"status-publish","4":"has-post-thumbnail","6":"product_cat-riivid-koorijad-ja-pureestajad","7":"pa_kaubamark-bourgeat","9":"first","10":"outofstock","11":"shipping-taxable","12":"purchasable","13":"product-type-simple"},"acf":[],"_links":{"self":[{"href":"https:\/\/farwell.ee\/en\/wp-json\/wp\/v2\/product\/32892","targetHints":{"allow":["GET"]}}],"collection":[{"href":"https:\/\/farwell.ee\/en\/wp-json\/wp\/v2\/product"}],"about":[{"href":"https:\/\/farwell.ee\/en\/wp-json\/wp\/v2\/types\/product"}],"wp:featuredmedia":[{"embeddable":true,"href":"https:\/\/farwell.ee\/en\/wp-json\/wp\/v2\/media\/32891"}],"wp:attachment":[{"href":"https:\/\/farwell.ee\/en\/wp-json\/wp\/v2\/media?parent=32892"}],"wp:term":[{"taxonomy":"product_brand","embeddable":true,"href":"https:\/\/farwell.ee\/en\/wp-json\/wp\/v2\/product_brand?post=32892"},{"taxonomy":"product_cat","embeddable":true,"href":"https:\/\/farwell.ee\/en\/wp-json\/wp\/v2\/product_cat?post=32892"},{"taxonomy":"product_tag","embeddable":true,"href":"https:\/\/farwell.ee\/en\/wp-json\/wp\/v2\/product_tag?post=32892"}],"curies":[{"name":"wp","href":"https:\/\/api.w.org\/{rel}","templated":true}]}}