{"id":32575,"date":"2025-03-04T10:45:04","date_gmt":"2025-03-04T08:45:04","guid":{"rendered":"https:\/\/farwell.ee\/toode\/termokast-gn-2-1-25cm-pealtlaetav-maht-97l\/"},"modified":"2026-01-30T11:30:08","modified_gmt":"2026-01-30T09:30:08","slug":"termokast-gn-2-1-25cm-pealtlaetav-maht-97l","status":"publish","type":"product","link":"https:\/\/farwell.ee\/en\/product\/termokast-gn-2-1-25cm-pealtlaetav-maht-97l\/","title":{"rendered":"Termokast GN 2\/1 25cm, pealtlaetav, maht 97L"},"content":{"rendered":"","protected":false},"excerpt":{"rendered":"<p>EPP-vahtplastist.<br \/>\nV\u00e4lism\u00f5\u00f5dud 800x600x330mm.<br \/>\nSisem\u00f5\u00f5dud 738(660)x538x255mm.<br \/>\nMaterjali paksus 30mm.<br \/>\nMahutavus 2 x GN 1\/1-200 v\u00f5i 1 x GN 2\/1-200.<br \/>\nMaht 97L.<br \/>\nKaal 2,4 kg.<br \/>\nTemperatuuritaluvus -40\u00b0 kuni +120\u00b0 C.<br \/>\nN\u00f5udepesumasinas pestav. Hea soojusisolatsioon.<br \/>\nTaaskasutatav materjal.<\/p>\n<p>Sobilik roostevabast terasest GN-n\u00f5u on koodiga 801109.<\/p>","protected":false},"featured_media":37996,"template":"","meta":{"_acf_changed":false,"inline_featured_image":false},"product_brand":[],"product_cat":[5554],"product_tag":[],"class_list":{"0":"post-32575","1":"product","2":"type-product","3":"status-publish","4":"has-post-thumbnail","6":"product_cat-termokastid-ja-termokapid","7":"pa_kaubamark-thermo-future-box","9":"first","10":"instock","11":"shipping-taxable","12":"purchasable","13":"product-type-simple"},"acf":[],"_links":{"self":[{"href":"https:\/\/farwell.ee\/en\/wp-json\/wp\/v2\/product\/32575","targetHints":{"allow":["GET"]}}],"collection":[{"href":"https:\/\/farwell.ee\/en\/wp-json\/wp\/v2\/product"}],"about":[{"href":"https:\/\/farwell.ee\/en\/wp-json\/wp\/v2\/types\/product"}],"wp:featuredmedia":[{"embeddable":true,"href":"https:\/\/farwell.ee\/en\/wp-json\/wp\/v2\/media\/37996"}],"wp:attachment":[{"href":"https:\/\/farwell.ee\/en\/wp-json\/wp\/v2\/media?parent=32575"}],"wp:term":[{"taxonomy":"product_brand","embeddable":true,"href":"https:\/\/farwell.ee\/en\/wp-json\/wp\/v2\/product_brand?post=32575"},{"taxonomy":"product_cat","embeddable":true,"href":"https:\/\/farwell.ee\/en\/wp-json\/wp\/v2\/product_cat?post=32575"},{"taxonomy":"product_tag","embeddable":true,"href":"https:\/\/farwell.ee\/en\/wp-json\/wp\/v2\/product_tag?post=32575"}],"curies":[{"name":"wp","href":"https:\/\/api.w.org\/{rel}","templated":true}]}}