{"id":32467,"date":"2025-02-27T09:30:03","date_gmt":"2025-02-27T07:30:03","guid":{"rendered":"https:\/\/farwell.ee\/toode\/koogikaarid-195cm-universaalsed\/"},"modified":"2026-01-29T15:30:04","modified_gmt":"2026-01-29T13:30:04","slug":"koogikaarid-195cm-universaalsed","status":"publish","type":"product","link":"https:\/\/farwell.ee\/en\/product\/koogikaarid-195cm-universaalsed\/","title":{"rendered":"K\u00f6\u00f6gik\u00e4\u00e4rid 19,5cm universaalsed"},"content":{"rendered":"","protected":false},"excerpt":{"rendered":"","protected":false},"featured_media":32466,"template":"","meta":{"_acf_changed":false,"inline_featured_image":false},"product_brand":[],"product_cat":[140],"product_tag":[],"class_list":{"0":"post-32467","1":"product","2":"type-product","3":"status-publish","4":"has-post-thumbnail","6":"product_cat-kooginoad","7":"pa_kaubamark-arcos-hermanos","9":"first","10":"outofstock","11":"shipping-taxable","12":"purchasable","13":"product-type-simple"},"acf":[],"_links":{"self":[{"href":"https:\/\/farwell.ee\/en\/wp-json\/wp\/v2\/product\/32467","targetHints":{"allow":["GET"]}}],"collection":[{"href":"https:\/\/farwell.ee\/en\/wp-json\/wp\/v2\/product"}],"about":[{"href":"https:\/\/farwell.ee\/en\/wp-json\/wp\/v2\/types\/product"}],"wp:featuredmedia":[{"embeddable":true,"href":"https:\/\/farwell.ee\/en\/wp-json\/wp\/v2\/media\/32466"}],"wp:attachment":[{"href":"https:\/\/farwell.ee\/en\/wp-json\/wp\/v2\/media?parent=32467"}],"wp:term":[{"taxonomy":"product_brand","embeddable":true,"href":"https:\/\/farwell.ee\/en\/wp-json\/wp\/v2\/product_brand?post=32467"},{"taxonomy":"product_cat","embeddable":true,"href":"https:\/\/farwell.ee\/en\/wp-json\/wp\/v2\/product_cat?post=32467"},{"taxonomy":"product_tag","embeddable":true,"href":"https:\/\/farwell.ee\/en\/wp-json\/wp\/v2\/product_tag?post=32467"}],"curies":[{"name":"wp","href":"https:\/\/api.w.org\/{rel}","templated":true}]}}