{"id":32365,"date":"2025-02-21T12:00:03","date_gmt":"2025-02-21T10:00:03","guid":{"rendered":"https:\/\/farwell.ee\/toode\/kandikute-togi-gn-1-1-2-sektsiooniga-30-siiniga\/"},"modified":"2026-01-09T10:45:11","modified_gmt":"2026-01-09T08:45:11","slug":"kandikute-togi-gn-1-1-2-sektsiooniga-30-siiniga","status":"publish","type":"product","link":"https:\/\/farwell.ee\/en\/product\/kandikute-togi-gn-1-1-2-sektsiooniga-30-siiniga\/","title":{"rendered":"Kandikute togi GN 1\/1, 2-sektsiooniga, 30-siiniga"},"content":{"rendered":"","protected":false},"excerpt":{"rendered":"<p>Roostevabast terasest kandikuk\u00e4ru.<br \/>\nKokkupandav.<br \/>\nKahepoolne stopper tagab n\u00f5ude p\u00fcsivuse togis.<br \/>\n4 p\u00f6\u00f6rlevat ratast, millest 2 on piduritega.<br \/>\nMaksimaalne koormus 150kg.<br \/>\nKandikute v\u00f5i GN-n\u00f5ude m\u00f5\u00f5dud 53\u00d732,5cm.<br \/>\nSiinide vahe 80mm.<br \/>\nM\u00f5\u00f5dud: 740x550x1730mm<\/p>","protected":false},"featured_media":32367,"template":"","meta":{"_acf_changed":false,"inline_featured_image":false},"product_brand":[],"product_cat":[6371],"product_tag":[],"class_list":{"0":"post-32365","1":"product","2":"type-product","3":"status-publish","4":"has-post-thumbnail","6":"product_cat-koogikarud-ja-togid","7":"pa_kaubamark-hendi","9":"first","10":"outofstock","11":"shipping-taxable","12":"purchasable","13":"product-type-simple"},"acf":[],"_links":{"self":[{"href":"https:\/\/farwell.ee\/en\/wp-json\/wp\/v2\/product\/32365","targetHints":{"allow":["GET"]}}],"collection":[{"href":"https:\/\/farwell.ee\/en\/wp-json\/wp\/v2\/product"}],"about":[{"href":"https:\/\/farwell.ee\/en\/wp-json\/wp\/v2\/types\/product"}],"wp:featuredmedia":[{"embeddable":true,"href":"https:\/\/farwell.ee\/en\/wp-json\/wp\/v2\/media\/32367"}],"wp:attachment":[{"href":"https:\/\/farwell.ee\/en\/wp-json\/wp\/v2\/media?parent=32365"}],"wp:term":[{"taxonomy":"product_brand","embeddable":true,"href":"https:\/\/farwell.ee\/en\/wp-json\/wp\/v2\/product_brand?post=32365"},{"taxonomy":"product_cat","embeddable":true,"href":"https:\/\/farwell.ee\/en\/wp-json\/wp\/v2\/product_cat?post=32365"},{"taxonomy":"product_tag","embeddable":true,"href":"https:\/\/farwell.ee\/en\/wp-json\/wp\/v2\/product_tag?post=32365"}],"curies":[{"name":"wp","href":"https:\/\/api.w.org\/{rel}","templated":true}]}}