{"id":32120,"date":"2025-02-04T16:00:03","date_gmt":"2025-02-04T14:00:03","guid":{"rendered":"https:\/\/farwell.ee\/toode\/loikealus-60x40cm-punane-pro\/"},"modified":"2025-11-11T15:15:07","modified_gmt":"2025-11-11T13:15:07","slug":"loikealus-60x40cm-punane-pro","status":"publish","type":"product","link":"https:\/\/farwell.ee\/en\/product\/loikealus-60x40cm-punane-pro\/","title":{"rendered":"L\u00f5ikealus 60x40cm punane Pro"},"content":{"rendered":"","protected":false},"excerpt":{"rendered":"<p>Profboardi l\u00f5ikelaua kontseptsiooni kuuluvat \u00f5hukest l\u00f5ikealust ehk pealismatti on t\u00e4nu geniaalsele kl\u00f5psamiss\u00fcsteemile lihtne l\u00f5ikelauale kinnitada ja sealt eemaldada.<br \/>\nSamuti v\u00f5tavad \u00f5hukesed l\u00f5ikealused laos v\u00e4hem ruumi kui sama palju erinevat v\u00e4rvi paksemaid l\u00f5ikelaudu.<br \/>\nL\u00f5ikealuseid on v\u00f5imalik osta eraldi, ilma et peaks ostma t\u00e4iesti uut l\u00f5ikelauda, \u200b\u200bmis s\u00e4\u00e4stab keskkonda ja raha.<\/p>","protected":false},"featured_media":32133,"template":"","meta":{"_acf_changed":false,"inline_featured_image":false},"product_brand":[],"product_cat":[146],"product_tag":[10546,10547,10548],"class_list":{"0":"post-32120","1":"product","2":"type-product","3":"status-publish","4":"has-post-thumbnail","6":"product_cat-loikelauad","7":"product_tag-loikematt","8":"product_tag-pealismatt","9":"product_tag-vahetatav-loikematt","10":"pa_kaubamark-profboard","12":"first","13":"instock","14":"shipping-taxable","15":"purchasable","16":"product-type-simple"},"acf":[],"_links":{"self":[{"href":"https:\/\/farwell.ee\/en\/wp-json\/wp\/v2\/product\/32120","targetHints":{"allow":["GET"]}}],"collection":[{"href":"https:\/\/farwell.ee\/en\/wp-json\/wp\/v2\/product"}],"about":[{"href":"https:\/\/farwell.ee\/en\/wp-json\/wp\/v2\/types\/product"}],"wp:featuredmedia":[{"embeddable":true,"href":"https:\/\/farwell.ee\/en\/wp-json\/wp\/v2\/media\/32133"}],"wp:attachment":[{"href":"https:\/\/farwell.ee\/en\/wp-json\/wp\/v2\/media?parent=32120"}],"wp:term":[{"taxonomy":"product_brand","embeddable":true,"href":"https:\/\/farwell.ee\/en\/wp-json\/wp\/v2\/product_brand?post=32120"},{"taxonomy":"product_cat","embeddable":true,"href":"https:\/\/farwell.ee\/en\/wp-json\/wp\/v2\/product_cat?post=32120"},{"taxonomy":"product_tag","embeddable":true,"href":"https:\/\/farwell.ee\/en\/wp-json\/wp\/v2\/product_tag?post=32120"}],"curies":[{"name":"wp","href":"https:\/\/api.w.org\/{rel}","templated":true}]}}