{"id":32073,"date":"2025-01-31T11:00:03","date_gmt":"2025-01-31T09:00:03","guid":{"rendered":"https:\/\/farwell.ee\/toode\/olipihusti-180ml\/"},"modified":"2025-07-01T15:00:10","modified_gmt":"2025-07-01T12:00:10","slug":"olipihusti-180ml","status":"publish","type":"product","link":"https:\/\/farwell.ee\/en\/product\/olipihusti-180ml\/","title":{"rendered":"\u00d5lipihusti 180ml"},"content":{"rendered":"","protected":false},"excerpt":{"rendered":"<p>K\u00e4ep\u00e4rane \u00f5lipihustuspudel, mis kasutab propellendina korgi kaudu anumasse pumbatavat \u00f5hku.<br \/>\n\u00d5lipihusti on hea valik, kui soovite oliivi\u00f5li pihustada salatitele, k\u00fcpsetusplaadile v\u00f5i praepannile.<br \/>\n\u00d5lipihustiga saab \u00f5li kasutada kokkuhoidlikult.<br \/>\n\u00d5li pihustuspudel on k\u00e4sitsi pestav.<\/p>","protected":false},"featured_media":32072,"template":"","meta":{"_acf_changed":false,"inline_featured_image":false},"product_brand":[],"product_cat":[145],"product_tag":[],"class_list":{"0":"post-32073","1":"product","2":"type-product","3":"status-publish","4":"has-post-thumbnail","6":"product_cat-lisatarvikud","7":"pa_kaubamark-ibili","9":"first","10":"outofstock","11":"shipping-taxable","12":"purchasable","13":"product-type-simple"},"acf":[],"_links":{"self":[{"href":"https:\/\/farwell.ee\/en\/wp-json\/wp\/v2\/product\/32073","targetHints":{"allow":["GET"]}}],"collection":[{"href":"https:\/\/farwell.ee\/en\/wp-json\/wp\/v2\/product"}],"about":[{"href":"https:\/\/farwell.ee\/en\/wp-json\/wp\/v2\/types\/product"}],"wp:featuredmedia":[{"embeddable":true,"href":"https:\/\/farwell.ee\/en\/wp-json\/wp\/v2\/media\/32072"}],"wp:attachment":[{"href":"https:\/\/farwell.ee\/en\/wp-json\/wp\/v2\/media?parent=32073"}],"wp:term":[{"taxonomy":"product_brand","embeddable":true,"href":"https:\/\/farwell.ee\/en\/wp-json\/wp\/v2\/product_brand?post=32073"},{"taxonomy":"product_cat","embeddable":true,"href":"https:\/\/farwell.ee\/en\/wp-json\/wp\/v2\/product_cat?post=32073"},{"taxonomy":"product_tag","embeddable":true,"href":"https:\/\/farwell.ee\/en\/wp-json\/wp\/v2\/product_tag?post=32073"}],"curies":[{"name":"wp","href":"https:\/\/api.w.org\/{rel}","templated":true}]}}