{"id":32022,"date":"2025-01-30T10:30:03","date_gmt":"2025-01-30T08:30:03","guid":{"rendered":"https:\/\/farwell.ee\/toode\/saumikser-300mm-segamisvarrega-ja-reguleeritava-kiirusega-4000-16000-p-min\/"},"modified":"2026-03-27T14:00:13","modified_gmt":"2026-03-27T12:00:13","slug":"saumikser-300mm-segamisvarrega-ja-reguleeritava-kiirusega-4000-16000-p-min","status":"publish","type":"product","link":"https:\/\/farwell.ee\/en\/product\/saumikser-300mm-segamisvarrega-ja-reguleeritava-kiirusega-4000-16000-p-min\/","title":{"rendered":"Saumikser 300mm segamisvarrega ja reguleeritava kiirusega, 4000-16000 p\/min"},"content":{"rendered":"","protected":false},"excerpt":{"rendered":"<p>Saumikser sujuva reguleeritava kiirusega: 4000-16000 p\/min<br \/>\nV\u00f5imsus 350W<br \/>\nSobilik vispliotsak on koodiga 222263.<br \/>\nAjami korpus on valmistatud vastupidavast mustast klaaskiuga tugevdatud pol\u00fcamiidist.<br \/>\nEemaldatav tera on valmistatud roostevabast terasest AISI304.<br \/>\nSpetsiaalselt disainitud tera kaitse, mis takistab pritsmete tekkimist.<br \/>\nKomplekti kuulub v\u00e4ike komplekt tera lahtiv\u00f5tmiseks.<br \/>\nVentileeritud mootor.<br \/>\nOhutusnupp takistab seadme juhuslikku k\u00e4ivitumist.<br \/>\nLukustusnupp v\u00f5imaldab pidevat t\u00f6\u00f6d ilma p\u00e4\u00e4stikut vajutamata.<\/p>","protected":false},"featured_media":37312,"template":"","meta":{"_acf_changed":false,"inline_featured_image":false},"product_brand":[],"product_cat":[5586],"product_tag":[],"class_list":{"0":"post-32022","1":"product","2":"type-product","3":"status-publish","4":"has-post-thumbnail","6":"product_cat-saumikserid","7":"pa_kaubamark-hendi","9":"first","10":"instock","11":"shipping-taxable","12":"purchasable","13":"product-type-simple"},"acf":[],"_links":{"self":[{"href":"https:\/\/farwell.ee\/en\/wp-json\/wp\/v2\/product\/32022","targetHints":{"allow":["GET"]}}],"collection":[{"href":"https:\/\/farwell.ee\/en\/wp-json\/wp\/v2\/product"}],"about":[{"href":"https:\/\/farwell.ee\/en\/wp-json\/wp\/v2\/types\/product"}],"wp:featuredmedia":[{"embeddable":true,"href":"https:\/\/farwell.ee\/en\/wp-json\/wp\/v2\/media\/37312"}],"wp:attachment":[{"href":"https:\/\/farwell.ee\/en\/wp-json\/wp\/v2\/media?parent=32022"}],"wp:term":[{"taxonomy":"product_brand","embeddable":true,"href":"https:\/\/farwell.ee\/en\/wp-json\/wp\/v2\/product_brand?post=32022"},{"taxonomy":"product_cat","embeddable":true,"href":"https:\/\/farwell.ee\/en\/wp-json\/wp\/v2\/product_cat?post=32022"},{"taxonomy":"product_tag","embeddable":true,"href":"https:\/\/farwell.ee\/en\/wp-json\/wp\/v2\/product_tag?post=32022"}],"curies":[{"name":"wp","href":"https:\/\/api.w.org\/{rel}","templated":true}]}}