{"id":31820,"date":"2025-01-13T14:30:04","date_gmt":"2025-01-13T12:30:04","guid":{"rendered":"https:\/\/farwell.ee\/toode\/mensuuride-komplekt-20-10-5-2-1cl\/"},"modified":"2026-03-04T09:00:04","modified_gmt":"2026-03-04T07:00:04","slug":"mensuuride-komplekt-20-10-5-2-1cl","status":"publish","type":"product","link":"https:\/\/farwell.ee\/en\/product\/mensuuride-komplekt-20-10-5-2-1cl\/","title":{"rendered":"Mensuuride komplekt 20, 10, 5, 2cl"},"content":{"rendered":"","protected":false},"excerpt":{"rendered":"<p>20cl mensuuril on k\u00fclje peal v\u00e4ike m\u00f5lk !<\/p>","protected":false},"featured_media":37626,"template":"","meta":{"_acf_changed":false,"inline_featured_image":false},"product_brand":[],"product_cat":[5378,149],"product_tag":[],"class_list":{"0":"post-31820","1":"product","2":"type-product","3":"status-publish","4":"has-post-thumbnail","6":"product_cat-baaritarvikud-outlet","7":"product_cat-mensuurid","8":"pa_kaubamark-bourgeat","10":"first","11":"instock","12":"sale","13":"shipping-taxable","14":"purchasable","15":"product-type-simple"},"acf":[],"_links":{"self":[{"href":"https:\/\/farwell.ee\/en\/wp-json\/wp\/v2\/product\/31820","targetHints":{"allow":["GET"]}}],"collection":[{"href":"https:\/\/farwell.ee\/en\/wp-json\/wp\/v2\/product"}],"about":[{"href":"https:\/\/farwell.ee\/en\/wp-json\/wp\/v2\/types\/product"}],"wp:featuredmedia":[{"embeddable":true,"href":"https:\/\/farwell.ee\/en\/wp-json\/wp\/v2\/media\/37626"}],"wp:attachment":[{"href":"https:\/\/farwell.ee\/en\/wp-json\/wp\/v2\/media?parent=31820"}],"wp:term":[{"taxonomy":"product_brand","embeddable":true,"href":"https:\/\/farwell.ee\/en\/wp-json\/wp\/v2\/product_brand?post=31820"},{"taxonomy":"product_cat","embeddable":true,"href":"https:\/\/farwell.ee\/en\/wp-json\/wp\/v2\/product_cat?post=31820"},{"taxonomy":"product_tag","embeddable":true,"href":"https:\/\/farwell.ee\/en\/wp-json\/wp\/v2\/product_tag?post=31820"}],"curies":[{"name":"wp","href":"https:\/\/api.w.org\/{rel}","templated":true}]}}