{"id":31747,"date":"2025-01-02T15:15:04","date_gmt":"2025-01-02T13:15:04","guid":{"rendered":"https:\/\/farwell.ee\/toode\/kastmesoel-must-pa-kaepide-exog-d-200-mm\/"},"modified":"2026-03-27T16:45:03","modified_gmt":"2026-03-27T14:45:03","slug":"kastmesoel-must-pa-kaepide-exog-d-200-mm","status":"publish","type":"product","link":"https:\/\/farwell.ee\/en\/product\/kastmesoel-must-pa-kaepide-exog-d-200-mm\/","title":{"rendered":"Kastmes\u00f5el 20cm v\u00f5rgutoega ja PA k\u00e4epidemega"},"content":{"rendered":"","protected":false},"excerpt":{"rendered":"","protected":false},"featured_media":31762,"template":"","meta":{"_acf_changed":false,"inline_featured_image":false},"product_brand":[],"product_cat":[174],"product_tag":[6108,6120,6153,6164],"class_list":{"0":"post-31747","1":"product","2":"type-product","3":"status-publish","4":"has-post-thumbnail","6":"product_cat-soelad-ja-salatikuivatajad","7":"product_tag-hiina-kolander","8":"product_tag-koonussoel","9":"product_tag-soel","10":"product_tag-vorksoel","11":"pa_kaubamark-bourgeat","13":"first","14":"outofstock","15":"shipping-taxable","16":"purchasable","17":"product-type-simple"},"acf":[],"_links":{"self":[{"href":"https:\/\/farwell.ee\/en\/wp-json\/wp\/v2\/product\/31747","targetHints":{"allow":["GET"]}}],"collection":[{"href":"https:\/\/farwell.ee\/en\/wp-json\/wp\/v2\/product"}],"about":[{"href":"https:\/\/farwell.ee\/en\/wp-json\/wp\/v2\/types\/product"}],"wp:featuredmedia":[{"embeddable":true,"href":"https:\/\/farwell.ee\/en\/wp-json\/wp\/v2\/media\/31762"}],"wp:attachment":[{"href":"https:\/\/farwell.ee\/en\/wp-json\/wp\/v2\/media?parent=31747"}],"wp:term":[{"taxonomy":"product_brand","embeddable":true,"href":"https:\/\/farwell.ee\/en\/wp-json\/wp\/v2\/product_brand?post=31747"},{"taxonomy":"product_cat","embeddable":true,"href":"https:\/\/farwell.ee\/en\/wp-json\/wp\/v2\/product_cat?post=31747"},{"taxonomy":"product_tag","embeddable":true,"href":"https:\/\/farwell.ee\/en\/wp-json\/wp\/v2\/product_tag?post=31747"}],"curies":[{"name":"wp","href":"https:\/\/api.w.org\/{rel}","templated":true}]}}