{"id":31634,"date":"2024-12-12T15:30:04","date_gmt":"2024-12-12T13:30:04","guid":{"rendered":"https:\/\/farwell.ee\/toode\/pann-20-o-metallkaepideva-indukts\/"},"modified":"2026-02-13T15:30:05","modified_gmt":"2026-02-13T13:30:05","slug":"pann-20-o-metallkaepideva-indukts","status":"publish","type":"product","link":"https:\/\/farwell.ee\/en\/product\/pann-20-o-metallkaepideva-indukts\/","title":{"rendered":"Pann 20cm Al \/ Non-stick Auvergne, ei sobi induktsioonile"},"content":{"rendered":"","protected":false},"excerpt":{"rendered":"<p>Terasest k\u00e4epide.<br \/>\nSobib k\u00f5ikidele pliidit\u00fc\u00fcpidele, v\u00e4lja arvatud induktsioonile.<\/p>","protected":false},"featured_media":31633,"template":"","meta":{"_acf_changed":false,"inline_featured_image":false},"product_brand":[],"product_cat":[152],"product_tag":[],"class_list":{"0":"post-31634","1":"product","2":"type-product","3":"status-publish","4":"has-post-thumbnail","6":"product_cat-pannid","7":"pa_kaubamark-comas","9":"first","10":"outofstock","11":"shipping-taxable","12":"purchasable","13":"product-type-simple"},"acf":[],"_links":{"self":[{"href":"https:\/\/farwell.ee\/en\/wp-json\/wp\/v2\/product\/31634","targetHints":{"allow":["GET"]}}],"collection":[{"href":"https:\/\/farwell.ee\/en\/wp-json\/wp\/v2\/product"}],"about":[{"href":"https:\/\/farwell.ee\/en\/wp-json\/wp\/v2\/types\/product"}],"wp:featuredmedia":[{"embeddable":true,"href":"https:\/\/farwell.ee\/en\/wp-json\/wp\/v2\/media\/31633"}],"wp:attachment":[{"href":"https:\/\/farwell.ee\/en\/wp-json\/wp\/v2\/media?parent=31634"}],"wp:term":[{"taxonomy":"product_brand","embeddable":true,"href":"https:\/\/farwell.ee\/en\/wp-json\/wp\/v2\/product_brand?post=31634"},{"taxonomy":"product_cat","embeddable":true,"href":"https:\/\/farwell.ee\/en\/wp-json\/wp\/v2\/product_cat?post=31634"},{"taxonomy":"product_tag","embeddable":true,"href":"https:\/\/farwell.ee\/en\/wp-json\/wp\/v2\/product_tag?post=31634"}],"curies":[{"name":"wp","href":"https:\/\/api.w.org\/{rel}","templated":true}]}}