{"id":31431,"date":"2024-12-04T09:30:04","date_gmt":"2024-12-04T07:30:04","guid":{"rendered":"https:\/\/farwell.ee\/toode\/varutera-12x12mm-alligator-juurviljaloikurile-3094\/"},"modified":"2025-08-21T14:00:04","modified_gmt":"2025-08-21T11:00:04","slug":"varutera-12x12mm-alligator-juurviljaloikurile-3094","status":"publish","type":"product","link":"https:\/\/farwell.ee\/en\/product\/varutera-12x12mm-alligator-juurviljaloikurile-3094\/","title":{"rendered":"Varutera 12x12mm Alligator juurviljal\u00f5ikurile 3094"},"content":{"rendered":"","protected":false},"excerpt":{"rendered":"<p>Terasest sibulal\u00f5ikuri Alligator varutera, mis t\u00f6\u00f6tab koos 6x6mm l\u00f5ikealuse ja puhastusrestiga.<\/p>","protected":false},"featured_media":31429,"template":"","meta":{"_acf_changed":false,"inline_featured_image":false},"product_brand":[],"product_cat":[163],"product_tag":[],"class_list":{"0":"post-31431","1":"product","2":"type-product","3":"status-publish","4":"has-post-thumbnail","6":"product_cat-riivid-koorijad-ja-pureestajad","7":"pa_kaubamark-alligator","9":"first","10":"outofstock","11":"shipping-taxable","12":"purchasable","13":"product-type-simple"},"acf":[],"_links":{"self":[{"href":"https:\/\/farwell.ee\/en\/wp-json\/wp\/v2\/product\/31431","targetHints":{"allow":["GET"]}}],"collection":[{"href":"https:\/\/farwell.ee\/en\/wp-json\/wp\/v2\/product"}],"about":[{"href":"https:\/\/farwell.ee\/en\/wp-json\/wp\/v2\/types\/product"}],"wp:featuredmedia":[{"embeddable":true,"href":"https:\/\/farwell.ee\/en\/wp-json\/wp\/v2\/media\/31429"}],"wp:attachment":[{"href":"https:\/\/farwell.ee\/en\/wp-json\/wp\/v2\/media?parent=31431"}],"wp:term":[{"taxonomy":"product_brand","embeddable":true,"href":"https:\/\/farwell.ee\/en\/wp-json\/wp\/v2\/product_brand?post=31431"},{"taxonomy":"product_cat","embeddable":true,"href":"https:\/\/farwell.ee\/en\/wp-json\/wp\/v2\/product_cat?post=31431"},{"taxonomy":"product_tag","embeddable":true,"href":"https:\/\/farwell.ee\/en\/wp-json\/wp\/v2\/product_tag?post=31431"}],"curies":[{"name":"wp","href":"https:\/\/api.w.org\/{rel}","templated":true}]}}