{"id":31331,"date":"2024-11-22T12:45:04","date_gmt":"2024-11-22T10:45:04","guid":{"rendered":"https:\/\/farwell.ee\/toode\/pannilabidas-27cm-puidust-kaepidemega\/"},"modified":"2026-03-25T12:30:06","modified_gmt":"2026-03-25T10:30:06","slug":"pannilabidas-27cm-jaik-puidust-kaepidemega","status":"publish","type":"product","link":"https:\/\/farwell.ee\/en\/product\/pannilabidas-27cm-jaik-puidust-kaepidemega\/","title":{"rendered":"Pannilabidas 27cm j\u00e4ik, puidust k\u00e4epidemega"},"content":{"rendered":"","protected":false},"excerpt":{"rendered":"<p>Labidaosa m\u00f5\u00f5dud 12&#215;8,5cm.<\/p>","protected":false},"featured_media":31333,"template":"","meta":{"_acf_changed":false,"inline_featured_image":false},"product_brand":[],"product_cat":[159],"product_tag":[6142,6144,6148],"class_list":{"0":"post-31331","1":"product","2":"type-product","3":"status-publish","4":"has-post-thumbnail","6":"product_cat-praelabidad-puidust-lusikad","7":"product_tag-praadimislabidas","8":"product_tag-praelabidas","9":"product_tag-spaatel","10":"pa_kaubamark-was-germany","12":"first","13":"outofstock","14":"shipping-taxable","15":"purchasable","16":"product-type-simple"},"acf":[],"_links":{"self":[{"href":"https:\/\/farwell.ee\/en\/wp-json\/wp\/v2\/product\/31331","targetHints":{"allow":["GET"]}}],"collection":[{"href":"https:\/\/farwell.ee\/en\/wp-json\/wp\/v2\/product"}],"about":[{"href":"https:\/\/farwell.ee\/en\/wp-json\/wp\/v2\/types\/product"}],"wp:featuredmedia":[{"embeddable":true,"href":"https:\/\/farwell.ee\/en\/wp-json\/wp\/v2\/media\/31333"}],"wp:attachment":[{"href":"https:\/\/farwell.ee\/en\/wp-json\/wp\/v2\/media?parent=31331"}],"wp:term":[{"taxonomy":"product_brand","embeddable":true,"href":"https:\/\/farwell.ee\/en\/wp-json\/wp\/v2\/product_brand?post=31331"},{"taxonomy":"product_cat","embeddable":true,"href":"https:\/\/farwell.ee\/en\/wp-json\/wp\/v2\/product_cat?post=31331"},{"taxonomy":"product_tag","embeddable":true,"href":"https:\/\/farwell.ee\/en\/wp-json\/wp\/v2\/product_tag?post=31331"}],"curies":[{"name":"wp","href":"https:\/\/api.w.org\/{rel}","templated":true}]}}