{"id":31114,"date":"2024-11-07T15:30:04","date_gmt":"2024-11-07T13:30:04","guid":{"rendered":"https:\/\/farwell.ee\/toode\/ramekin-o10-x-h25cm\/"},"modified":"2026-02-12T16:00:04","modified_gmt":"2026-02-12T14:00:04","slug":"ramekin-o10-x-h25cm","status":"publish","type":"product","link":"https:\/\/farwell.ee\/en\/product\/ramekin-o10-x-h25cm\/","title":{"rendered":"Ramekin 10&#215;2,5cm madal"},"content":{"rendered":"","protected":false},"excerpt":{"rendered":"<p>Termol\u00f6\u00f6gikindel, talub \u00e4\u00e4rmuslikke temperatuurimuutusi.<br \/>\nSuur l\u00f6\u00f6gi- ja kulumiskindlus ning siiski suhteliselt kerge.<br \/>\n<span style=\"font-size: 1rem\">Ribiline, valmistatud portselanist.<br \/>\nTemperatuuritaluvus kuni + 600C.<\/span><\/p>","protected":false},"featured_media":31117,"template":"","meta":{"_acf_changed":false,"inline_featured_image":false},"product_brand":[],"product_cat":[6014],"product_tag":[],"class_list":{"0":"post-31114","1":"product","2":"type-product","3":"status-publish","4":"has-post-thumbnail","6":"product_cat-kupsetusvormid-ja-rongad","7":"pa_kaubamark-hendi","9":"first","10":"instock","11":"shipping-taxable","12":"purchasable","13":"product-type-simple"},"acf":[],"_links":{"self":[{"href":"https:\/\/farwell.ee\/en\/wp-json\/wp\/v2\/product\/31114","targetHints":{"allow":["GET"]}}],"collection":[{"href":"https:\/\/farwell.ee\/en\/wp-json\/wp\/v2\/product"}],"about":[{"href":"https:\/\/farwell.ee\/en\/wp-json\/wp\/v2\/types\/product"}],"wp:featuredmedia":[{"embeddable":true,"href":"https:\/\/farwell.ee\/en\/wp-json\/wp\/v2\/media\/31117"}],"wp:attachment":[{"href":"https:\/\/farwell.ee\/en\/wp-json\/wp\/v2\/media?parent=31114"}],"wp:term":[{"taxonomy":"product_brand","embeddable":true,"href":"https:\/\/farwell.ee\/en\/wp-json\/wp\/v2\/product_brand?post=31114"},{"taxonomy":"product_cat","embeddable":true,"href":"https:\/\/farwell.ee\/en\/wp-json\/wp\/v2\/product_cat?post=31114"},{"taxonomy":"product_tag","embeddable":true,"href":"https:\/\/farwell.ee\/en\/wp-json\/wp\/v2\/product_tag?post=31114"}],"curies":[{"name":"wp","href":"https:\/\/api.w.org\/{rel}","templated":true}]}}