{"id":31076,"date":"2024-11-04T15:15:04","date_gmt":"2024-11-04T13:15:04","guid":{"rendered":"https:\/\/farwell.ee\/toode\/kokanuga-20cm-kiritsuke-3-kihiline-vg-10-taishi\/"},"modified":"2025-07-01T15:00:06","modified_gmt":"2025-07-01T12:00:06","slug":"kokanuga-20cm-kiritsuke-3-kihiline-vg-10-taishi","status":"publish","type":"product","link":"https:\/\/farwell.ee\/en\/product\/kokanuga-20cm-kiritsuke-3-kihiline-vg-10-taishi\/","title":{"rendered":"Kokanuga 20cm Kiritsuke 3-kihiline VG-10 Taishi"},"content":{"rendered":"","protected":false},"excerpt":{"rendered":"<p>Jaapani kokanoa tuumikmaterjal VG-10 \u201esuper teras\u201c koosneb koobaltist, mol\u00fcbdeenist, vanaadiumist ja s\u00fcsinikust.<br \/>\nTera k\u00f5vadus Rockwelli skaalas HRC61.<br \/>\nTaishi sarja kokanoa teritusnurk on 10 kraadi.<br \/>\nVG-10 k\u00f5rgs\u00fcsinikteras on kaetud m\u00f5lemalt poolt 1-kihilise mol\u00fcbdeen-vanaadium roostevaba terase kihiga, mis annab nugadele vajaliku stabiilsuse ja roostekindluse.<br \/>\nTera vasardatud <em>&#8220;tsuchime&#8221;<\/em> pinnat\u00f6\u00f6tlus tagab, et iga nuga on kordumatu v\u00e4limusega.<\/p>\n<p>K\u00e4epide on valmistatud pakka-puust. Alusena on kasutatud p\u00f6\u00f6kpuitu ning sellel on mustjas-kuldpruun v\u00e4rv.<br \/>\nPakka-puit on laminaat e. komposiitmaterjal, mis on valmistatud \u00f5hukestest puidukihtidest, mis on immutatud tugeva s\u00fcnteetilise vaiguga.<br \/>\nSellisel tehnoloogial valmistatud k\u00e4epide on v\u00e4ga tugev.<br \/>\nK\u00e4epideme ots on valmistatud roostevabast terasest, mis annab noale v\u00e4ljapaistva stabiilsuse ja tasakaalu.<br \/>\nValmistatud Jaapanis.<\/p>","protected":false},"featured_media":31075,"template":"","meta":{"_acf_changed":false,"inline_featured_image":false},"product_brand":[],"product_cat":[140],"product_tag":[],"class_list":{"0":"post-31076","1":"product","2":"type-product","3":"status-publish","4":"has-post-thumbnail","6":"product_cat-kooginoad","7":"pa_kaubamark-yaxell","9":"first","10":"outofstock","11":"shipping-taxable","12":"purchasable","13":"product-type-simple"},"acf":[],"_links":{"self":[{"href":"https:\/\/farwell.ee\/en\/wp-json\/wp\/v2\/product\/31076","targetHints":{"allow":["GET"]}}],"collection":[{"href":"https:\/\/farwell.ee\/en\/wp-json\/wp\/v2\/product"}],"about":[{"href":"https:\/\/farwell.ee\/en\/wp-json\/wp\/v2\/types\/product"}],"wp:featuredmedia":[{"embeddable":true,"href":"https:\/\/farwell.ee\/en\/wp-json\/wp\/v2\/media\/31075"}],"wp:attachment":[{"href":"https:\/\/farwell.ee\/en\/wp-json\/wp\/v2\/media?parent=31076"}],"wp:term":[{"taxonomy":"product_brand","embeddable":true,"href":"https:\/\/farwell.ee\/en\/wp-json\/wp\/v2\/product_brand?post=31076"},{"taxonomy":"product_cat","embeddable":true,"href":"https:\/\/farwell.ee\/en\/wp-json\/wp\/v2\/product_cat?post=31076"},{"taxonomy":"product_tag","embeddable":true,"href":"https:\/\/farwell.ee\/en\/wp-json\/wp\/v2\/product_tag?post=31076"}],"curies":[{"name":"wp","href":"https:\/\/api.w.org\/{rel}","templated":true}]}}