{"id":30986,"date":"2024-10-29T09:30:04","date_gmt":"2024-10-29T07:30:04","guid":{"rendered":"https:\/\/farwell.ee\/toode\/prugikast-120l-pedaaliga-ja-ratastega\/"},"modified":"2025-09-19T12:30:09","modified_gmt":"2025-09-19T09:30:09","slug":"prugikast-120l-pedaaliga-ja-ratastega","status":"publish","type":"product","link":"https:\/\/farwell.ee\/en\/product\/prugikast-120l-pedaaliga-ja-ratastega\/","title":{"rendered":"Pr\u00fcgikast 120L pedaaliga ja ratastega"},"content":{"rendered":"","protected":false},"excerpt":{"rendered":"<p>Toiduga kokkupuutumiseks heaks kiidetud konteiner, professionaalseks kasutamiseks (EN840)<br \/>\nVarustatud laia pedaaliraamiga k\u00e4ed-vabad h\u00fcgieeniliseks kasutamiseks.<br \/>\nSuured rattad ja tagumine k\u00e4epide optimeerivad man\u00f6\u00f6verdusv\u00f5imet ja transporditoimingud.<br \/>\nVastupidav plastik- ja metallkonstruktsioon, mis talub p\u00f5rutusi.<br \/>\nTemperatuurivahemik -60\u00b0C kuni +120\u00b0C<br \/>\nKui hoiustatakse temperatuuridel -20\u00b0C kuni -60\u00b0C, siis oodake enne kasutamist, kuni konteiner soojeneb.<\/p>","protected":false},"featured_media":34845,"template":"","meta":{"_acf_changed":false,"inline_featured_image":false},"product_brand":[],"product_cat":[160],"product_tag":[10071],"class_list":{"0":"post-30986","1":"product","2":"type-product","3":"status-publish","4":"has-post-thumbnail","6":"product_cat-prugikonteinerid","7":"product_tag-prugikonteiner","8":"pa_kaubamark-probbax","10":"first","11":"outofstock","12":"shipping-taxable","13":"purchasable","14":"product-type-simple"},"acf":[],"_links":{"self":[{"href":"https:\/\/farwell.ee\/en\/wp-json\/wp\/v2\/product\/30986","targetHints":{"allow":["GET"]}}],"collection":[{"href":"https:\/\/farwell.ee\/en\/wp-json\/wp\/v2\/product"}],"about":[{"href":"https:\/\/farwell.ee\/en\/wp-json\/wp\/v2\/types\/product"}],"wp:featuredmedia":[{"embeddable":true,"href":"https:\/\/farwell.ee\/en\/wp-json\/wp\/v2\/media\/34845"}],"wp:attachment":[{"href":"https:\/\/farwell.ee\/en\/wp-json\/wp\/v2\/media?parent=30986"}],"wp:term":[{"taxonomy":"product_brand","embeddable":true,"href":"https:\/\/farwell.ee\/en\/wp-json\/wp\/v2\/product_brand?post=30986"},{"taxonomy":"product_cat","embeddable":true,"href":"https:\/\/farwell.ee\/en\/wp-json\/wp\/v2\/product_cat?post=30986"},{"taxonomy":"product_tag","embeddable":true,"href":"https:\/\/farwell.ee\/en\/wp-json\/wp\/v2\/product_tag?post=30986"}],"curies":[{"name":"wp","href":"https:\/\/api.w.org\/{rel}","templated":true}]}}