{"id":30784,"date":"2024-10-01T11:30:05","date_gmt":"2024-10-01T08:30:05","guid":{"rendered":"https:\/\/farwell.ee\/toode\/kauss-9-cm\/"},"modified":"2026-03-26T16:00:06","modified_gmt":"2026-03-26T14:00:06","slug":"kauss-95ml-labimoot-9cm-ironstone","status":"publish","type":"product","link":"https:\/\/farwell.ee\/en\/product\/kauss-95ml-labimoot-9cm-ironstone\/","title":{"rendered":"Kauss 95ml, l\u00e4bim\u00f5\u00f5t 9cm Ironstone"},"content":{"rendered":"","protected":false},"excerpt":{"rendered":"","protected":false},"featured_media":30815,"template":"","meta":{"_acf_changed":false,"inline_featured_image":false},"product_brand":[],"product_cat":[132],"product_tag":[],"class_list":{"0":"post-30784","1":"product","2":"type-product","3":"status-publish","4":"has-post-thumbnail","6":"product_cat-kausid","7":"pa_kaubamark-porcelite","9":"first","10":"instock","11":"shipping-taxable","12":"purchasable","13":"product-type-simple"},"acf":[],"_links":{"self":[{"href":"https:\/\/farwell.ee\/en\/wp-json\/wp\/v2\/product\/30784","targetHints":{"allow":["GET"]}}],"collection":[{"href":"https:\/\/farwell.ee\/en\/wp-json\/wp\/v2\/product"}],"about":[{"href":"https:\/\/farwell.ee\/en\/wp-json\/wp\/v2\/types\/product"}],"wp:featuredmedia":[{"embeddable":true,"href":"https:\/\/farwell.ee\/en\/wp-json\/wp\/v2\/media\/30815"}],"wp:attachment":[{"href":"https:\/\/farwell.ee\/en\/wp-json\/wp\/v2\/media?parent=30784"}],"wp:term":[{"taxonomy":"product_brand","embeddable":true,"href":"https:\/\/farwell.ee\/en\/wp-json\/wp\/v2\/product_brand?post=30784"},{"taxonomy":"product_cat","embeddable":true,"href":"https:\/\/farwell.ee\/en\/wp-json\/wp\/v2\/product_cat?post=30784"},{"taxonomy":"product_tag","embeddable":true,"href":"https:\/\/farwell.ee\/en\/wp-json\/wp\/v2\/product_tag?post=30784"}],"curies":[{"name":"wp","href":"https:\/\/api.w.org\/{rel}","templated":true}]}}