{"id":30672,"date":"2024-09-24T08:45:04","date_gmt":"2024-09-24T05:45:04","guid":{"rendered":"https:\/\/farwell.ee\/toode\/sabraaz-e-shampusepudeli-mook-oliivipuidust-kaepidemega\/"},"modified":"2026-03-24T14:00:04","modified_gmt":"2026-03-24T12:00:04","slug":"sabraaz-e-shampusepudeli-mook-oliivipuidust-kaepidemega","status":"publish","type":"product","link":"https:\/\/farwell.ee\/en\/product\/sabraaz-e-shampusepudeli-mook-oliivipuidust-kaepidemega\/","title":{"rendered":"Sabraaz e. shampusepudeli m\u00f5\u00f5k oliivipuidust k\u00e4epidemega"},"content":{"rendered":"","protected":false},"excerpt":{"rendered":"<p>Laguiole Style de Vie firmas valmistatud \u0161ampanjam\u00f5\u00f5k oliivipuust k\u00e4epideme ja karastatud terasest teraga.<br \/>\n\u0160ampanjam\u00f5\u00f5gal on eelnevalt n\u00fcristatud tera, nii et avamine on turvaline ja stiilne.<br \/>\n\u0160ampanjam\u00f5\u00f5k on pakendatud luksuslikku musta kinkekarpi.<br \/>\nK\u00e4sitsi pestav.<\/p>\n<p>M\u00f5\u00f5gaga avamisel on eriti oluline, et avatav pudel oleks absoluutselt k\u00fclm (2-3 tundi j\u00e4\u00e4s v\u00f5i 5-6 tundi k\u00fclmas k\u00fclmikus).<br \/>\nLisaks avaneb k\u00fclm kvaliteetne vahuvein sujuvamalt ja puhtamalt.<\/p>\n<p>Tootja: Style de Vie Authentique<br \/>\nM\u00f5\u00f5ga pikkus: 41 cm<br \/>\nTera pikkus: 27 cm<br \/>\nTera paksus: 2,5 mm<br \/>\nMaterjalid: karastatud teras, oliivipuit<\/p>","protected":false},"featured_media":30671,"template":"","meta":{"_acf_changed":false,"inline_featured_image":false},"product_brand":[],"product_cat":[145],"product_tag":[9767],"class_list":{"0":"post-30672","1":"product","2":"type-product","3":"status-publish","4":"has-post-thumbnail","6":"product_cat-lisatarvikud","7":"product_tag-sabrage-mook","8":"pa_kaubamark-laguiole-style-de-vie","10":"first","11":"instock","12":"shipping-taxable","13":"purchasable","14":"product-type-simple"},"acf":[],"_links":{"self":[{"href":"https:\/\/farwell.ee\/en\/wp-json\/wp\/v2\/product\/30672","targetHints":{"allow":["GET"]}}],"collection":[{"href":"https:\/\/farwell.ee\/en\/wp-json\/wp\/v2\/product"}],"about":[{"href":"https:\/\/farwell.ee\/en\/wp-json\/wp\/v2\/types\/product"}],"wp:featuredmedia":[{"embeddable":true,"href":"https:\/\/farwell.ee\/en\/wp-json\/wp\/v2\/media\/30671"}],"wp:attachment":[{"href":"https:\/\/farwell.ee\/en\/wp-json\/wp\/v2\/media?parent=30672"}],"wp:term":[{"taxonomy":"product_brand","embeddable":true,"href":"https:\/\/farwell.ee\/en\/wp-json\/wp\/v2\/product_brand?post=30672"},{"taxonomy":"product_cat","embeddable":true,"href":"https:\/\/farwell.ee\/en\/wp-json\/wp\/v2\/product_cat?post=30672"},{"taxonomy":"product_tag","embeddable":true,"href":"https:\/\/farwell.ee\/en\/wp-json\/wp\/v2\/product_tag?post=30672"}],"curies":[{"name":"wp","href":"https:\/\/api.w.org\/{rel}","templated":true}]}}