{"id":30587,"date":"2024-09-12T10:45:04","date_gmt":"2024-09-12T07:45:04","guid":{"rendered":"https:\/\/farwell.ee\/toode\/peakoka-toovahendite-komplekt-6-osaline-roogade-viimistluseks\/"},"modified":"2026-01-09T11:00:08","modified_gmt":"2026-01-09T09:00:08","slug":"peakoka-toovahendite-komplekt-6-osaline-roogade-viimistluseks","status":"publish","type":"product","link":"https:\/\/farwell.ee\/en\/product\/peakoka-toovahendite-komplekt-6-osaline-roogade-viimistluseks\/","title":{"rendered":"Peakoka t\u00f6\u00f6vahendite komplekt 6-osaline, roogade viimistluseks"},"content":{"rendered":"","protected":false},"excerpt":{"rendered":"<div class=\"richContent-root-Ykt\">\n<div>\n<div>Sobib ideaalselt roogade, kookide ja muude magustoitude, samuti sushi serveerimiseks ja l\u00f5pliku viimistluse andmiseks.<br \/>\nValmistatud matistatud roostevabast terasest.<br \/>\nPintsetid sobivad ideaalselt v\u00e4ga \u00f5rnade koostisosade haaramiseks.<br \/>\nKastmelusikas e. joonistuslusikas e. tilgalusikas, millel on peenike ots kastme punktide ja triipude lisamiseks taldrikule.<br \/>\nKompaktne kokkurullitav \u00fcmbris, mis kaitseb t\u00f6\u00f6vahendeid kahjustuste eest.<br \/>\nKomplekti kuuluvad:<br \/>\nSirged pintsetid: 23 cm<br \/>\nK\u00f5vera otsaga pintsetid: 20 cm<br \/>\nNurgaga pintsetid (sushi jaoks): 21 cm<br \/>\nJoonistuslusikas: 22,5 cm<br \/>\nV\u00e4ike lusikas: 15 cm<br \/>\nSpaatel e. palett: 19 cm<br \/>\nT\u00f6\u00f6vahendid on n\u00f5udepesumasinas pestavad.<\/div>\n<\/div>\n<\/div>\n<div class=\"richContent-root-Ykt\"><\/div>","protected":false},"featured_media":30586,"template":"","meta":{"_acf_changed":false,"inline_featured_image":false},"product_brand":[],"product_cat":[177],"product_tag":[],"class_list":{"0":"post-30587","1":"product","2":"type-product","3":"status-publish","4":"has-post-thumbnail","6":"product_cat-tangid-ja-pintsetid","7":"pa_kaubamark-hendi","9":"first","10":"outofstock","11":"shipping-taxable","12":"purchasable","13":"product-type-simple"},"acf":[],"_links":{"self":[{"href":"https:\/\/farwell.ee\/en\/wp-json\/wp\/v2\/product\/30587","targetHints":{"allow":["GET"]}}],"collection":[{"href":"https:\/\/farwell.ee\/en\/wp-json\/wp\/v2\/product"}],"about":[{"href":"https:\/\/farwell.ee\/en\/wp-json\/wp\/v2\/types\/product"}],"wp:featuredmedia":[{"embeddable":true,"href":"https:\/\/farwell.ee\/en\/wp-json\/wp\/v2\/media\/30586"}],"wp:attachment":[{"href":"https:\/\/farwell.ee\/en\/wp-json\/wp\/v2\/media?parent=30587"}],"wp:term":[{"taxonomy":"product_brand","embeddable":true,"href":"https:\/\/farwell.ee\/en\/wp-json\/wp\/v2\/product_brand?post=30587"},{"taxonomy":"product_cat","embeddable":true,"href":"https:\/\/farwell.ee\/en\/wp-json\/wp\/v2\/product_cat?post=30587"},{"taxonomy":"product_tag","embeddable":true,"href":"https:\/\/farwell.ee\/en\/wp-json\/wp\/v2\/product_tag?post=30587"}],"curies":[{"name":"wp","href":"https:\/\/api.w.org\/{rel}","templated":true}]}}