{"id":30584,"date":"2024-09-12T10:15:05","date_gmt":"2024-09-12T07:15:05","guid":{"rendered":"https:\/\/farwell.ee\/toode\/kaunistusnugade-komplekt-6-osaline-2\/"},"modified":"2026-01-09T11:00:08","modified_gmt":"2026-01-09T09:00:08","slug":"kaunistusnugade-komplekt-6-osaline-2","status":"publish","type":"product","link":"https:\/\/farwell.ee\/en\/product\/kaunistusnugade-komplekt-6-osaline-2\/","title":{"rendered":"Kaunistusnugade komplekt 6-osaline"},"content":{"rendered":"","protected":false},"excerpt":{"rendered":"<div class=\"richContent-root-Ykt\"><span style=\"font-size: 1rem\">Sobib ideaalselt puu- ja k\u00f6\u00f6giviljadesse mustrite nikerdamiseks.<br \/>\nVastupidav roostevabast terasest tera.<br \/>\nErgonoomiline pol\u00fcprop\u00fcleenist k\u00e4epide.<br \/>\nN\u00f5udepesumasinas pestavad.<\/span><\/div>\n<div class=\"richContent-root-Ykt\">\n<div>\n<div>Komplektis:<br \/>\n\u2013 kuulikeste v\u00e4ljal\u00f5ikamiseks dekoratiivne nuga (kahepoolne) ehk meloniraud (pallitaja)<br \/>\n\u2013 \u00f5unas\u00fcdamiku eemaldaja 20 mm<br \/>\n\u2013 sakilise teraga nuga<br \/>\n\u2013 kuulikeste v\u00e4ljal\u00f5ikamiseks dekoratiivne nuga, sakiline (\u00fchepoolne) e. tomatikanna eemaldaja<br \/>\n\u2013 dekoratiivne tsitrusel\u00f5ikur e. triibutaja<br \/>\n\u2013 dekoratiivne ribal\u00f5ikur e. kanelleerimisnuga<\/div>\n<\/div>\n<\/div>","protected":false},"featured_media":30583,"template":"","meta":{"_acf_changed":false,"inline_featured_image":false},"product_brand":[],"product_cat":[163],"product_tag":[],"class_list":{"0":"post-30584","1":"product","2":"type-product","3":"status-publish","4":"has-post-thumbnail","6":"product_cat-riivid-koorijad-ja-pureestajad","7":"pa_kaubamark-hendi","9":"first","10":"outofstock","11":"shipping-taxable","12":"purchasable","13":"product-type-simple"},"acf":[],"_links":{"self":[{"href":"https:\/\/farwell.ee\/en\/wp-json\/wp\/v2\/product\/30584","targetHints":{"allow":["GET"]}}],"collection":[{"href":"https:\/\/farwell.ee\/en\/wp-json\/wp\/v2\/product"}],"about":[{"href":"https:\/\/farwell.ee\/en\/wp-json\/wp\/v2\/types\/product"}],"wp:featuredmedia":[{"embeddable":true,"href":"https:\/\/farwell.ee\/en\/wp-json\/wp\/v2\/media\/30583"}],"wp:attachment":[{"href":"https:\/\/farwell.ee\/en\/wp-json\/wp\/v2\/media?parent=30584"}],"wp:term":[{"taxonomy":"product_brand","embeddable":true,"href":"https:\/\/farwell.ee\/en\/wp-json\/wp\/v2\/product_brand?post=30584"},{"taxonomy":"product_cat","embeddable":true,"href":"https:\/\/farwell.ee\/en\/wp-json\/wp\/v2\/product_cat?post=30584"},{"taxonomy":"product_tag","embeddable":true,"href":"https:\/\/farwell.ee\/en\/wp-json\/wp\/v2\/product_tag?post=30584"}],"curies":[{"name":"wp","href":"https:\/\/api.w.org\/{rel}","templated":true}]}}