{"id":30382,"date":"2024-08-19T17:19:33","date_gmt":"2024-08-19T14:19:33","guid":{"rendered":"https:\/\/farwell.ee\/?post_type=product&#038;p=30382"},"modified":"2024-08-21T16:00:23","modified_gmt":"2024-08-21T13:00:23","slug":"kuppelnoudepesumasin-9-9kw-isoleeritud-topeltkorpusega-zero-lime-katlakivi-eemaldusega-ja-pesuaine-dosaatoriga-80-korvi-h","status":"publish","type":"product","link":"https:\/\/farwell.ee\/en\/product\/kuppelnoudepesumasin-9-9kw-isoleeritud-topeltkorpusega-zero-lime-katlakivi-eemaldusega-ja-pesuaine-dosaatoriga-80-korvi-h\/","title":{"rendered":"Kuppeln\u00f5udepesumasin 9,9kW isoleeritud topeltkorpusega, Zero Lime katlakivi eemaldusega ja pesuaine dosaatoriga, 80 korvi\/h"},"content":{"rendered":"","protected":false},"excerpt":{"rendered":"<p><strong>*hinnale lisandub k\u00e4ibemaks<\/strong><\/p>\n<ul>\n<li>304 roostevabast terasest konstruktsioon, mis sisaldab automaatset isoleeritud topeltkorpusega kuplit, v\u00e4lis- ja k\u00fclgpaneele, pesupaaki, paagi filtrit ning pesemis- ja loputusvarsi.<\/li>\n<li>Kasutab 2 liitrit puhast 84\u00b0 C l\u00f5pploputuse vett ts\u00fckli kohta<\/li>\n<li>Garanteeritud loputusvee temperatuur ja r\u00f5hk &#8211; t\u00e4nu atmosf\u00e4\u00e4rilisele boilerile ja sisse ehitatud loputusvee pumbale<\/li>\n<li>Pesemistulemuse tagab v\u00f5imas 0,8 kW pesupump ja roostevabast terasest p\u00f6\u00f6rlevad pesuvarred<\/li>\n<li>Energias\u00e4\u00e4stuseade (ESD) kasutab \u00e4ra masinas oleva soojuse, et soojendada sissetulevat vett enne viimase boilerisse juhtimist<\/li>\n<li>ESD v\u00f5imaldab seadmel t\u00f6\u00f6tada K\u00dcLMA VEEGA (10\u00b0-30\u00b0 C ). ZERO LIME seade eemaldab automaatselt katlakivi kogu h\u00fcdraulikaringist ja pesukambrist<\/li>\n<li>&#8220;WASH SAFE CONTROL&#8221; LED kontrolltuli<\/li>\n<li>Roheline tuli n\u00e4itab, et k\u00f5ik pestavad asjad on korralikult loputatud<\/li>\n<li>CLEAR BLUE filtreerimiss\u00fcsteem eemaldab pesuveest enamuse mustusest<\/li>\n<li>Seade on varustatud \u00e4ravoolupumba, pesu-ja loputusvahendi pumbaga ning painduvate \u00fchendusvoolikutega<\/li>\n<li>Paigaldatav nurka v\u00f5i sirgelt seina \u00e4\u00e4rde ja tarnitakse koos reguleeritavate k\u00f5rgusega jalgadega<\/li>\n<\/ul>\n<p>M\u00f5\u00f5tmed: 667x755x2273 mm<\/p>\n<p>V\u00f5imsus: 9.9 kW<\/p>\n<p>Kaubam\u00e4rk: Electrolux Professional<\/p>\n<p>Tooteleht: <a href=\"https:\/\/farwell.ee\/wp-content\/uploads\/504293.pdf\">504293<\/a><\/p>","protected":false},"featured_media":30383,"template":"","meta":{"_acf_changed":false,"inline_featured_image":false},"product_brand":[],"product_cat":[9800],"product_tag":[],"class_list":{"0":"post-30382","1":"product","2":"type-product","3":"status-publish","4":"has-post-thumbnail","6":"product_cat-kuppelnoudepesumasinad","8":"first","9":"outofstock","10":"shipping-taxable","11":"purchasable","12":"product-type-simple"},"acf":[],"_links":{"self":[{"href":"https:\/\/farwell.ee\/en\/wp-json\/wp\/v2\/product\/30382","targetHints":{"allow":["GET"]}}],"collection":[{"href":"https:\/\/farwell.ee\/en\/wp-json\/wp\/v2\/product"}],"about":[{"href":"https:\/\/farwell.ee\/en\/wp-json\/wp\/v2\/types\/product"}],"wp:featuredmedia":[{"embeddable":true,"href":"https:\/\/farwell.ee\/en\/wp-json\/wp\/v2\/media\/30383"}],"wp:attachment":[{"href":"https:\/\/farwell.ee\/en\/wp-json\/wp\/v2\/media?parent=30382"}],"wp:term":[{"taxonomy":"product_brand","embeddable":true,"href":"https:\/\/farwell.ee\/en\/wp-json\/wp\/v2\/product_brand?post=30382"},{"taxonomy":"product_cat","embeddable":true,"href":"https:\/\/farwell.ee\/en\/wp-json\/wp\/v2\/product_cat?post=30382"},{"taxonomy":"product_tag","embeddable":true,"href":"https:\/\/farwell.ee\/en\/wp-json\/wp\/v2\/product_tag?post=30382"}],"curies":[{"name":"wp","href":"https:\/\/api.w.org\/{rel}","templated":true}]}}